{"id":2079,"date":"2024-12-10T13:31:22","date_gmt":"2024-12-10T12:31:22","guid":{"rendered":"https:\/\/foch.ch\/service-apres-vente\/"},"modified":"2026-01-15T08:46:43","modified_gmt":"2026-01-15T07:46:43","slug":"service-apres-vente","status":"publish","type":"page","link":"https:\/\/foch.ch\/de\/service-apres-vente\/","title":{"rendered":"Service nach dem Verkauf"},"content":{"rendered":"\t\t<div data-elementor-type=\"wp-page\" data-elementor-id=\"2079\" class=\"elementor elementor-2079 elementor-1467\">\n\t\t\t\t\t\t<section class=\"elementor-section elementor-top-section elementor-element elementor-element-4f5ffdd elementor-section-boxed elementor-section-height-default elementor-section-height-default\" data-id=\"4f5ffdd\" data-element_type=\"section\">\n\t\t\t\t\t\t<div class=\"elementor-container elementor-column-gap-default\">\n\t\t\t\t\t<div class=\"elementor-column elementor-col-66 elementor-top-column elementor-element elementor-element-0362789\" data-id=\"0362789\" data-element_type=\"column\">\n\t\t\t<div class=\"elementor-widget-wrap elementor-element-populated\">\n\t\t\t\t\t\t<div class=\"elementor-element elementor-element-bd2a2de elementor-widget elementor-widget-image\" data-id=\"bd2a2de\" data-element_type=\"widget\" data-widget_type=\"image.default\">\n\t\t\t\t<div class=\"elementor-widget-container\">\n\t\t\t\t\t\t\t\t\t\t\t\t\t\t\t<img fetchpriority=\"high\" decoding=\"async\" width=\"1000\" height=\"563\" src=\"https:\/\/foch.ch\/wp-content\/uploads\/2024\/12\/kate-ibragimova-bEGTsOCnHro-unsplash-1024x576.jpg\" class=\"attachment-large size-large wp-image-1439\" alt=\"\" srcset=\"https:\/\/foch.ch\/wp-content\/uploads\/2024\/12\/kate-ibragimova-bEGTsOCnHro-unsplash-1024x576.jpg 1024w, https:\/\/foch.ch\/wp-content\/uploads\/2024\/12\/kate-ibragimova-bEGTsOCnHro-unsplash-300x169.jpg 300w, https:\/\/foch.ch\/wp-content\/uploads\/2024\/12\/kate-ibragimova-bEGTsOCnHro-unsplash-768x432.jpg 768w, https:\/\/foch.ch\/wp-content\/uploads\/2024\/12\/kate-ibragimova-bEGTsOCnHro-unsplash-1536x864.jpg 1536w, https:\/\/foch.ch\/wp-content\/uploads\/2024\/12\/kate-ibragimova-bEGTsOCnHro-unsplash-650x366.jpg 650w, https:\/\/foch.ch\/wp-content\/uploads\/2024\/12\/kate-ibragimova-bEGTsOCnHro-unsplash.jpg 1920w\" sizes=\"(max-width: 1000px) 100vw, 1000px\" \/>\t\t\t\t\t\t\t\t\t\t\t\t\t\t\t<\/div>\n\t\t\t\t<\/div>\n\t\t\t\t<div class=\"elementor-element elementor-element-78a72d8 elementor-widget elementor-widget-text-editor\" data-id=\"78a72d8\" data-element_type=\"widget\" data-widget_type=\"text-editor.default\">\n\t\t\t\t<div class=\"elementor-widget-container\">\n\t\t\t\t\t\t\t\t\t<h3>AutoVala SA\/AG<\/h3><p>Mit Wirkung vom 1. Januar 2024 wurde der Kundenservice der Garage FOCH Automobiles von einer neuen, unabh\u00e4ngigen Einheit, der AutoVala AG\/SA, \u00fcbernommen. Von nun an werden alle Wartungs- und Reparaturarbeiten von der AutoVala AG\/SA durchgef\u00fchrt, die nach dem Konzept stop+go t\u00e4tig ist.<\/p><p>Dieses Konzept zielt darauf ab, einen schnellen und effizienten Service f\u00fcr alle Ihre Autobed\u00fcrfnisse zu bieten, wobei die Qualit\u00e4t und Zuverl\u00e4ssigkeit, die Sie erwarten, erhalten bleibt. Wir laden Sie ein, sich bei der \u00dcbernahme Ihrer Fahrzeuge auf die AutoVala AG\/SA zu verlassen, wobei Sie sicher sein k\u00f6nnen, dass der \u00dcbergang reibungslos und ohne Unterbrechung erfolgt.<\/p>\t\t\t\t\t\t\t\t<\/div>\n\t\t\t\t<\/div>\n\t\t\t\t<div class=\"elementor-element elementor-element-2ab6c0a elementor-widget elementor-widget-text-editor\" data-id=\"2ab6c0a\" data-element_type=\"widget\" data-widget_type=\"text-editor.default\">\n\t\t\t\t<div class=\"elementor-widget-container\">\n\t\t\t\t\t\t\t\t\t<p><strong>Informationen:<\/strong> Die AUTOVALA SA\/AG-Website ist nicht auf Deutsch verf\u00fcgbar.<\/p>\t\t\t\t\t\t\t\t<\/div>\n\t\t\t\t<\/div>\n\t\t\t\t<div class=\"elementor-element elementor-element-0b03839 elementor-widget elementor-widget-button\" data-id=\"0b03839\" data-element_type=\"widget\" data-widget_type=\"button.default\">\n\t\t\t\t<div class=\"elementor-widget-container\">\n\t\t\t\t\t\t\t\t\t<div class=\"elementor-button-wrapper\">\n\t\t\t\t\t<a class=\"elementor-button elementor-button-link elementor-size-sm\" href=\"https:\/\/www.autovala.ch\/\" target=\"_blank\">\n\t\t\t\t\t\t<span class=\"elementor-button-content-wrapper\">\n\t\t\t\t\t\t<span class=\"elementor-button-icon\">\n\t\t\t\t<i aria-hidden=\"true\" class=\"ti ti-arrow-top-right\"><\/i>\t\t\t<\/span>\n\t\t\t\t\t\t\t\t\t<span class=\"elementor-button-text\">autovala sa\/ag<\/span>\n\t\t\t\t\t<\/span>\n\t\t\t\t\t<\/a>\n\t\t\t\t<\/div>\n\t\t\t\t\t\t\t\t<\/div>\n\t\t\t\t<\/div>\n\t\t\t\t<div class=\"elementor-element elementor-element-9eae80b elementor-widget elementor-widget-text-editor\" data-id=\"9eae80b\" data-element_type=\"widget\" data-widget_type=\"text-editor.default\">\n\t\t\t\t<div class=\"elementor-widget-container\">\n\t\t\t\t\t\t\t\t\t<h3>Online-Terminvereinbarung<\/h3>\t\t\t\t\t\t\t\t<\/div>\n\t\t\t\t<\/div>\n\t\t\t\t<div class=\"elementor-element elementor-element-c9e2add elementor-widget elementor-widget-button\" data-id=\"c9e2add\" data-element_type=\"widget\" data-widget_type=\"button.default\">\n\t\t\t\t<div class=\"elementor-widget-container\">\n\t\t\t\t\t\t\t\t\t<div class=\"elementor-button-wrapper\">\n\t\t\t\t\t<a class=\"elementor-button elementor-button-link elementor-size-sm\" href=\"https:\/\/foch.sopl.ch\/de\/\" target=\"_blank\">\n\t\t\t\t\t\t<span class=\"elementor-button-content-wrapper\">\n\t\t\t\t\t\t<span class=\"elementor-button-icon\">\n\t\t\t\t<i aria-hidden=\"true\" class=\"ti ti-arrow-top-right\"><\/i>\t\t\t<\/span>\n\t\t\t\t\t\t\t\t\t<span class=\"elementor-button-text\">Termin vereinbaren<\/span>\n\t\t\t\t\t<\/span>\n\t\t\t\t\t<\/a>\n\t\t\t\t<\/div>\n\t\t\t\t\t\t\t\t<\/div>\n\t\t\t\t<\/div>\n\t\t\t\t\t<\/div>\n\t\t<\/div>\n\t\t\t\t<div class=\"elementor-column elementor-col-33 elementor-top-column elementor-element elementor-element-cd2fd17\" data-id=\"cd2fd17\" data-element_type=\"column\">\n\t\t\t<div class=\"elementor-widget-wrap elementor-element-populated\">\n\t\t\t\t\t\t<section class=\"elementor-section elementor-inner-section elementor-element elementor-element-53cf5d2 elementor-section-boxed elementor-section-height-default elementor-section-height-default\" data-id=\"53cf5d2\" data-element_type=\"section\" data-settings=\"{&quot;background_background&quot;:&quot;classic&quot;}\">\n\t\t\t\t\t\t<div class=\"elementor-container elementor-column-gap-default\">\n\t\t\t\t\t<div class=\"elementor-column elementor-col-100 elementor-inner-column elementor-element elementor-element-b4de8e5\" data-id=\"b4de8e5\" data-element_type=\"column\">\n\t\t\t<div class=\"elementor-widget-wrap elementor-element-populated\">\n\t\t\t\t\t\t<div class=\"elementor-element elementor-element-e099260 elementor-widget elementor-widget-heading\" data-id=\"e099260\" data-element_type=\"widget\" data-widget_type=\"heading.default\">\n\t\t\t\t<div class=\"elementor-widget-container\">\n\t\t\t\t\t<h2 class=\"elementor-heading-title elementor-size-default\">Kontaktieren Sie den Kundendienst<\/h2>\t\t\t\t<\/div>\n\t\t\t\t<\/div>\n\t\t\t\t<div class=\"elementor-element elementor-element-dc153d1 elementor-widget elementor-widget-text-editor\" data-id=\"dc153d1\" data-element_type=\"widget\" data-widget_type=\"text-editor.default\">\n\t\t\t\t<div class=\"elementor-widget-container\">\n\t\t\t\t\t\t\t\t\t<p>F\u00fcr Ihren Kundendienstbedarf k\u00f6nnen Sie sich gerne an die AutoVala AG\/SA wenden.<\/p>\t\t\t\t\t\t\t\t<\/div>\n\t\t\t\t<\/div>\n\t\t\t\t<div class=\"elementor-element elementor-element-4e1f40e elementor-position-left bdt-icon-type-icon elementor-vertical-align-top bdt-icon-effect-none elementor-widget elementor-widget-bdt-advanced-icon-box\" data-id=\"4e1f40e\" data-element_type=\"widget\" data-widget_type=\"bdt-advanced-icon-box.default\">\n\t\t\t\t<div class=\"elementor-widget-container\">\n\t\t\t\t\t\t\t<div class=\"bdt-ep-advanced-icon-box\">\n\n\t\t\t\t\t\t\t\n\t\t\t\t\t\t\t<div class=\"bdt-ep-advanced-icon-box-icon\">\n\t\t\t\t\t<span class=\"bdt-ep-advanced-icon-box-icon-wrap\">\n\n\n\t\t\t\t\t\t\n\t\t\t\t\t\t\t<svg xmlns=\"http:\/\/www.w3.org\/2000\/svg\" xmlns:svg=\"http:\/\/www.w3.org\/2000\/svg\" id=\"svg2499\" xml:space=\"preserve\" width=\"682.66669\" height=\"682.66669\" viewBox=\"0 0 682.66669 682.66669\"><defs id=\"defs2503\"><clipPath clipPathUnits=\"userSpaceOnUse\" id=\"clipPath2513\"><path d=\"M 0,512 H 512 V 0 H 0 Z\" id=\"path2511\"><\/path><\/clipPath><\/defs><g id=\"g2505\" transform=\"matrix(1.3333333,0,0,-1.3333333,0,682.66667)\"><g id=\"g2507\"><g id=\"g2509\" clip-path=\"url(#clipPath2513)\"><g id=\"g2515\" transform=\"translate(256,15)\"><path d=\"m 0,0 c -60,90 -165,212 -165,317 0,90.981 74.019,165 165,165 90.981,0 165,-74.019 165,-165 C 165,212 60,90 0,0 Z\" style=\"fill:none;stroke:#000000;stroke-width:30;stroke-linecap:round;stroke-linejoin:round;stroke-miterlimit:10;stroke-dasharray:none;stroke-opacity:1\" id=\"path2517\"><\/path><\/g><g id=\"g2519\" transform=\"translate(256,257)\"><path d=\"m 0,0 c -41.353,0 -75,33.647 -75,75 0,41.353 33.647,75 75,75 41.353,0 75,-33.647 75,-75 C 75,33.647 41.353,0 0,0 Z\" style=\"fill:none;stroke:#000000;stroke-width:30;stroke-linecap:round;stroke-linejoin:round;stroke-miterlimit:10;stroke-dasharray:none;stroke-opacity:1\" id=\"path2521\"><\/path><\/g><\/g><\/g><\/g><\/svg>\n\n\t\t\t\t\t\t\t\t\t\t\t<\/span>\n\t\t\t\t<\/div>\n\t\t\t\n\t\t\t\t\t\n\t\t\t<div class=\"bdt-ep-advanced-icon-box-content\">\n\n\t\t\t\t\t\t\t\t\t\n\t\t\n\n\t\t\n\t\t\t\t\t\t\n\t\t\t\t\n\t\t\t\t\t\t\t\t\t<div class=\"bdt-ep-advanced-icon-box-description\">\n\t\t\t\t\t\t<p><strong>AutoVala SA\/AG<\/strong><br \/>Solothurnstr. 79<br \/>2504 Biel-Bienne<\/p>\t\t\t\t\t<\/div>\n\t\t\t\t\n\t\t\t\t\t\t\t\t\t<a class=\"bdt-ep-advanced-icon-box-readmore bdt-display-inline-block\" href=\"#\">\n\t\t\t\t\t\t\n\t\t\t\t\t\t\t\t\t\t\t<\/a>\n\t\t\t\t\t\t\t<\/div>\n\t\t<\/div>\n\n\t\t\n\t\t\n\t\t\t\t\t\t<\/div>\n\t\t\t\t<\/div>\n\t\t\t\t<div class=\"elementor-element elementor-element-e3c09ee elementor-position-left bdt-icon-type-icon elementor-vertical-align-top bdt-icon-effect-none elementor-widget elementor-widget-bdt-advanced-icon-box\" data-id=\"e3c09ee\" data-element_type=\"widget\" data-widget_type=\"bdt-advanced-icon-box.default\">\n\t\t\t\t<div class=\"elementor-widget-container\">\n\t\t\t\t\t\t\t<div class=\"bdt-ep-advanced-icon-box\">\n\n\t\t\t\t\t\t\t\n\t\t\t\t\t\t\t<div class=\"bdt-ep-advanced-icon-box-icon\">\n\t\t\t\t\t<span class=\"bdt-ep-advanced-icon-box-icon-wrap\">\n\n\n\t\t\t\t\t\t\n\t\t\t\t\t\t\t<svg xmlns=\"http:\/\/www.w3.org\/2000\/svg\" xmlns:xlink=\"http:\/\/www.w3.org\/1999\/xlink\" id=\"Capa_1\" x=\"0px\" y=\"0px\" viewBox=\"0 0 482.6 482.6\" style=\"enable-background:new 0 0 482.6 482.6;\" xml:space=\"preserve\"><g>\t<path d=\"M98.339,320.8c47.6,56.9,104.9,101.7,170.3,133.4c24.9,11.8,58.2,25.8,95.3,28.2c2.3,0.1,4.5,0.2,6.8,0.2  c24.9,0,44.9-8.6,61.2-26.3c0.1-0.1,0.3-0.3,0.4-0.5c5.8-7,12.4-13.3,19.3-20c4.7-4.5,9.5-9.2,14.1-14  c21.3-22.2,21.3-50.4-0.2-71.9l-60.1-60.1c-10.2-10.6-22.4-16.2-35.2-16.2c-12.8,0-25.1,5.6-35.6,16.1l-35.8,35.8  c-3.3-1.9-6.7-3.6-9.9-5.2c-4-2-7.7-3.9-11-6c-32.6-20.7-62.2-47.7-90.5-82.4c-14.3-18.1-23.9-33.3-30.6-48.8  c9.4-8.5,18.2-17.4,26.7-26.1c3-3.1,6.1-6.2,9.2-9.3c10.8-10.8,16.6-23.3,16.6-36s-5.7-25.2-16.6-36l-29.8-29.8  c-3.5-3.5-6.8-6.9-10.2-10.4c-6.6-6.8-13.5-13.8-20.3-20.1c-10.3-10.1-22.4-15.4-35.2-15.4c-12.7,0-24.9,5.3-35.6,15.5l-37.4,37.4  c-13.6,13.6-21.3,30.1-22.9,49.2c-1.9,23.9,2.5,49.3,13.9,80C32.739,229.6,59.139,273.7,98.339,320.8z M25.739,104.2  c1.2-13.3,6.3-24.4,15.9-34l37.2-37.2c5.8-5.6,12.2-8.5,18.4-8.5c6.1,0,12.3,2.9,18,8.7c6.7,6.2,13,12.7,19.8,19.6  c3.4,3.5,6.9,7,10.4,10.6l29.8,29.8c6.2,6.2,9.4,12.5,9.4,18.7s-3.2,12.5-9.4,18.7c-3.1,3.1-6.2,6.3-9.3,9.4  c-9.3,9.4-18,18.3-27.6,26.8c-0.2,0.2-0.3,0.3-0.5,0.5c-8.3,8.3-7,16.2-5,22.2c0.1,0.3,0.2,0.5,0.3,0.8  c7.7,18.5,18.4,36.1,35.1,57.1c30,37,61.6,65.7,96.4,87.8c4.3,2.8,8.9,5,13.2,7.2c4,2,7.7,3.9,11,6c0.4,0.2,0.7,0.4,1.1,0.6  c3.3,1.7,6.5,2.5,9.7,2.5c8,0,13.2-5.1,14.9-6.8l37.4-37.4c5.8-5.8,12.1-8.9,18.3-8.9c7.6,0,13.8,4.7,17.7,8.9l60.3,60.2  c12,12,11.9,25-0.3,37.7c-4.2,4.5-8.6,8.8-13.3,13.3c-7,6.8-14.3,13.8-20.9,21.7c-11.5,12.4-25.2,18.2-42.9,18.2  c-1.7,0-3.5-0.1-5.2-0.2c-32.8-2.1-63.3-14.9-86.2-25.8c-62.2-30.1-116.8-72.8-162.1-127c-37.3-44.9-62.4-86.7-79-131.5  C28.039,146.4,24.139,124.3,25.739,104.2z\"><\/path><\/g><g><\/g><g><\/g><g><\/g><g><\/g><g><\/g><g><\/g><g><\/g><g><\/g><g><\/g><g><\/g><g><\/g><g><\/g><g><\/g><g><\/g><g><\/g><\/svg>\n\n\t\t\t\t\t\t\t\t\t\t\t<\/span>\n\t\t\t\t<\/div>\n\t\t\t\n\t\t\t\t\t\n\t\t\t<div class=\"bdt-ep-advanced-icon-box-content\">\n\n\t\t\t\t\t\t\t\t\t\n\t\t\n\n\t\t\n\t\t\t\t\t\t\n\t\t\t\t\n\t\t\t\t\t\t\t\t\t<div class=\"bdt-ep-advanced-icon-box-description\">\n\t\t\t\t\t\t<p><strong>Kontakt<\/strong><br \/><a href=\"mailto:autovala@foch.ch\">autovala@foch.ch<\/a><br \/><a href=\"tel:+41325526080\">+41 32 552 60 80<\/a><\/p>\t\t\t\t\t<\/div>\n\t\t\t\t\n\t\t\t\t\t\t\t\t\t<a class=\"bdt-ep-advanced-icon-box-readmore bdt-display-inline-block\" href=\"#\">\n\t\t\t\t\t\t\n\t\t\t\t\t\t\t\t\t\t\t<\/a>\n\t\t\t\t\t\t\t<\/div>\n\t\t<\/div>\n\n\t\t\n\t\t\n\t\t\t\t\t\t<\/div>\n\t\t\t\t<\/div>\n\t\t\t\t<div class=\"elementor-element elementor-element-de5800e elementor-position-left bdt-icon-type-icon elementor-vertical-align-top bdt-icon-effect-none elementor-widget elementor-widget-bdt-advanced-icon-box\" data-id=\"de5800e\" data-element_type=\"widget\" data-widget_type=\"bdt-advanced-icon-box.default\">\n\t\t\t\t<div class=\"elementor-widget-container\">\n\t\t\t\t\t\t\t<div class=\"bdt-ep-advanced-icon-box\">\n\n\t\t\t\t\t\t\t\n\t\t\t\t\t\t\t<div class=\"bdt-ep-advanced-icon-box-icon\">\n\t\t\t\t\t<span class=\"bdt-ep-advanced-icon-box-icon-wrap\">\n\n\n\t\t\t\t\t\t\n\t\t\t\t\t\t\t<svg xmlns=\"http:\/\/www.w3.org\/2000\/svg\" id=\"Layer_1\" height=\"512\" viewBox=\"0 0 512 512\" width=\"512\" data-name=\"Layer 1\"><path d=\"m50.371 264.2a208.577 208.577 0 0 0 40.662 115.27 205.065 205.065 0 0 0 112.823 76.716 207.307 207.307 0 0 0 241.452-112.486 11.153 11.153 0 0 0 -20.222-9.415 185.007 185.007 0 0 1 -351.947-62.751l21.646 28.012a11.153 11.153 0 1 0 17.65-13.64l-41.503-53.706a11.154 11.154 0 0 0 -16.193-1.553l-50.954 44.838a11.153 11.153 0 0 0 14.734 16.746z\"><\/path><path d=\"m492.957 217.075-28.442 28.478a207.292 207.292 0 0 0 -394.832-77.253 11.153 11.153 0 0 0 20.217 9.418 185 185 0 0 1 352.2 66.161l-25.726-29.2a11.152 11.152 0 1 0 -16.734 14.747l44.873 50.924a11.153 11.153 0 0 0 8.02 3.773q.174.006.348.006a11.151 11.151 0 0 0 7.89-3.272l47.963-48.025a11.152 11.152 0 0 0 -15.781-15.761z\"><\/path><path d=\"m257.5 267.153a11.153 11.153 0 0 0 11.148-11.153v-106.053a11.153 11.153 0 1 0 -22.305 0v94.9h-83.863a11.153 11.153 0 1 0 0 22.306z\"><\/path><\/svg>\n\n\t\t\t\t\t\t\t\t\t\t\t<\/span>\n\t\t\t\t<\/div>\n\t\t\t\n\t\t\t\t\t\n\t\t\t<div class=\"bdt-ep-advanced-icon-box-content\">\n\n\t\t\t\t\t\t\t\t\t\n\t\t\n\n\t\t\n\t\t\t\t\t\t\n\t\t\t\t\n\t\t\t\t\t\t\t\t\t<div class=\"bdt-ep-advanced-icon-box-description\">\n\t\t\t\t\t\t<p><strong>\u00d6ffnungszeiten<\/strong><span style=\"text-decoration: underline;\"><em><strong><br \/><\/strong><\/em><\/span><a href=\"\/de\/contact#horaires\">\u00d6ffnungszeiten ansehen \u2192<\/a><\/p>\t\t\t\t\t<\/div>\n\t\t\t\t\n\t\t\t\t\t\t\t\t\t<a class=\"bdt-ep-advanced-icon-box-readmore bdt-display-inline-block\" href=\"#\">\n\t\t\t\t\t\t\n\t\t\t\t\t\t\t\t\t\t\t<\/a>\n\t\t\t\t\t\t\t<\/div>\n\t\t<\/div>\n\n\t\t\n\t\t\n\t\t\t\t\t\t<\/div>\n\t\t\t\t<\/div>\n\t\t\t\t\t<\/div>\n\t\t<\/div>\n\t\t\t\t\t<\/div>\n\t\t<\/section>\n\t\t\t\t\t<\/div>\n\t\t<\/div>\n\t\t\t\t\t<\/div>\n\t\t<\/section>\n\t\t\t\t<\/div>\n\t\t","protected":false},"excerpt":{"rendered":"<p>AutoVala SA\/AG Mit Wirkung vom 1. Januar 2024 wurde der Kundenservice der [&hellip;]<\/p>\n","protected":false},"author":1,"featured_media":0,"parent":0,"menu_order":0,"comment_status":"closed","ping_status":"closed","template":"","meta":{"footnotes":""},"class_list":["post-2079","page","type-page","status-publish","hentry"],"yoast_head":"<!-- This site is optimized with the Yoast SEO plugin v25.1 - https:\/\/yoast.com\/wordpress\/plugins\/seo\/ -->\n<title>Service nach dem Verkauf - FOCH Automobiles SA<\/title>\n<meta name=\"robots\" content=\"index, follow, max-snippet:-1, max-image-preview:large, max-video-preview:-1\" \/>\n<link rel=\"canonical\" href=\"https:\/\/foch.ch\/service-apres-vente\/\" \/>\n<meta property=\"og:locale\" content=\"de_DE\" \/>\n<meta property=\"og:type\" content=\"article\" \/>\n<meta property=\"og:title\" content=\"Service nach dem Verkauf - FOCH Automobiles SA\" \/>\n<meta property=\"og:description\" content=\"AutoVala SA\/AG Mit Wirkung vom 1. Januar 2024 wurde der Kundenservice der [&hellip;]\" \/>\n<meta property=\"og:url\" content=\"https:\/\/foch.ch\/service-apres-vente\/\" \/>\n<meta property=\"og:site_name\" content=\"FOCH Automobiles SA\" \/>\n<meta property=\"article:modified_time\" content=\"2026-01-15T07:46:43+00:00\" \/>\n<meta property=\"og:image\" content=\"https:\/\/foch.ch\/wp-content\/uploads\/2024\/12\/kate-ibragimova-bEGTsOCnHro-unsplash.jpg\" \/>\n\t<meta property=\"og:image:width\" content=\"1920\" \/>\n\t<meta property=\"og:image:height\" content=\"1080\" \/>\n\t<meta property=\"og:image:type\" content=\"image\/jpeg\" \/>\n<meta name=\"twitter:card\" content=\"summary_large_image\" \/>\n<meta name=\"twitter:label1\" content=\"Gesch\u00e4tzte Lesezeit\" \/>\n\t<meta name=\"twitter:data1\" content=\"1\u00a0Minute\" \/>\n<script type=\"application\/ld+json\" class=\"yoast-schema-graph\">{\"@context\":\"https:\/\/schema.org\",\"@graph\":[{\"@type\":\"WebPage\",\"@id\":\"https:\/\/foch.ch\/service-apres-vente\/\",\"url\":\"https:\/\/foch.ch\/service-apres-vente\/\",\"name\":\"Service nach dem Verkauf - FOCH Automobiles SA\",\"isPartOf\":{\"@id\":\"https:\/\/foch.ch\/#website\"},\"primaryImageOfPage\":{\"@id\":\"https:\/\/foch.ch\/service-apres-vente\/#primaryimage\"},\"image\":{\"@id\":\"https:\/\/foch.ch\/service-apres-vente\/#primaryimage\"},\"thumbnailUrl\":\"https:\/\/foch.ch\/wp-content\/uploads\/2024\/12\/kate-ibragimova-bEGTsOCnHro-unsplash-1024x576.jpg\",\"datePublished\":\"2024-12-10T12:31:22+00:00\",\"dateModified\":\"2026-01-15T07:46:43+00:00\",\"breadcrumb\":{\"@id\":\"https:\/\/foch.ch\/service-apres-vente\/#breadcrumb\"},\"inLanguage\":\"de\",\"potentialAction\":[{\"@type\":\"ReadAction\",\"target\":[\"https:\/\/foch.ch\/service-apres-vente\/\"]}]},{\"@type\":\"ImageObject\",\"inLanguage\":\"de\",\"@id\":\"https:\/\/foch.ch\/service-apres-vente\/#primaryimage\",\"url\":\"https:\/\/foch.ch\/wp-content\/uploads\/2024\/12\/kate-ibragimova-bEGTsOCnHro-unsplash-1024x576.jpg\",\"contentUrl\":\"https:\/\/foch.ch\/wp-content\/uploads\/2024\/12\/kate-ibragimova-bEGTsOCnHro-unsplash-1024x576.jpg\"},{\"@type\":\"BreadcrumbList\",\"@id\":\"https:\/\/foch.ch\/service-apres-vente\/#breadcrumb\",\"itemListElement\":[{\"@type\":\"ListItem\",\"position\":1,\"name\":\"Accueil\",\"item\":\"https:\/\/foch.ch\/\"},{\"@type\":\"ListItem\",\"position\":2,\"name\":\"Service nach dem Verkauf\"}]},{\"@type\":\"WebSite\",\"@id\":\"https:\/\/foch.ch\/#website\",\"url\":\"https:\/\/foch.ch\/\",\"name\":\"FOCH Automobiles SA\",\"description\":\"Votre centre de comp\u00e9tences automobiles\",\"publisher\":{\"@id\":\"https:\/\/foch.ch\/#organization\"},\"potentialAction\":[{\"@type\":\"SearchAction\",\"target\":{\"@type\":\"EntryPoint\",\"urlTemplate\":\"https:\/\/foch.ch\/?s={search_term_string}\"},\"query-input\":{\"@type\":\"PropertyValueSpecification\",\"valueRequired\":true,\"valueName\":\"search_term_string\"}}],\"inLanguage\":\"de\"},{\"@type\":\"Organization\",\"@id\":\"https:\/\/foch.ch\/#organization\",\"name\":\"FOCH Automobiles SA\",\"url\":\"https:\/\/foch.ch\/\",\"logo\":{\"@type\":\"ImageObject\",\"inLanguage\":\"de\",\"@id\":\"https:\/\/foch.ch\/#\/schema\/logo\/image\/\",\"url\":\"https:\/\/foch.ch\/wp-content\/uploads\/2023\/05\/logo-foch-rgb.png\",\"contentUrl\":\"https:\/\/foch.ch\/wp-content\/uploads\/2023\/05\/logo-foch-rgb.png\",\"width\":228,\"height\":45,\"caption\":\"FOCH Automobiles SA\"},\"image\":{\"@id\":\"https:\/\/foch.ch\/#\/schema\/logo\/image\/\"}}]}<\/script>\n<!-- \/ Yoast SEO plugin. -->","yoast_head_json":{"title":"Service nach dem Verkauf - FOCH Automobiles SA","robots":{"index":"index","follow":"follow","max-snippet":"max-snippet:-1","max-image-preview":"max-image-preview:large","max-video-preview":"max-video-preview:-1"},"canonical":"https:\/\/foch.ch\/service-apres-vente\/","og_locale":"de_DE","og_type":"article","og_title":"Service nach dem Verkauf - FOCH Automobiles SA","og_description":"AutoVala SA\/AG Mit Wirkung vom 1. Januar 2024 wurde der Kundenservice der [&hellip;]","og_url":"https:\/\/foch.ch\/service-apres-vente\/","og_site_name":"FOCH Automobiles SA","article_modified_time":"2026-01-15T07:46:43+00:00","og_image":[{"width":1920,"height":1080,"url":"https:\/\/foch.ch\/wp-content\/uploads\/2024\/12\/kate-ibragimova-bEGTsOCnHro-unsplash.jpg","type":"image\/jpeg"}],"twitter_card":"summary_large_image","twitter_misc":{"Gesch\u00e4tzte Lesezeit":"1\u00a0Minute"},"schema":{"@context":"https:\/\/schema.org","@graph":[{"@type":"WebPage","@id":"https:\/\/foch.ch\/service-apres-vente\/","url":"https:\/\/foch.ch\/service-apres-vente\/","name":"Service nach dem Verkauf - FOCH Automobiles SA","isPartOf":{"@id":"https:\/\/foch.ch\/#website"},"primaryImageOfPage":{"@id":"https:\/\/foch.ch\/service-apres-vente\/#primaryimage"},"image":{"@id":"https:\/\/foch.ch\/service-apres-vente\/#primaryimage"},"thumbnailUrl":"https:\/\/foch.ch\/wp-content\/uploads\/2024\/12\/kate-ibragimova-bEGTsOCnHro-unsplash-1024x576.jpg","datePublished":"2024-12-10T12:31:22+00:00","dateModified":"2026-01-15T07:46:43+00:00","breadcrumb":{"@id":"https:\/\/foch.ch\/service-apres-vente\/#breadcrumb"},"inLanguage":"de","potentialAction":[{"@type":"ReadAction","target":["https:\/\/foch.ch\/service-apres-vente\/"]}]},{"@type":"ImageObject","inLanguage":"de","@id":"https:\/\/foch.ch\/service-apres-vente\/#primaryimage","url":"https:\/\/foch.ch\/wp-content\/uploads\/2024\/12\/kate-ibragimova-bEGTsOCnHro-unsplash-1024x576.jpg","contentUrl":"https:\/\/foch.ch\/wp-content\/uploads\/2024\/12\/kate-ibragimova-bEGTsOCnHro-unsplash-1024x576.jpg"},{"@type":"BreadcrumbList","@id":"https:\/\/foch.ch\/service-apres-vente\/#breadcrumb","itemListElement":[{"@type":"ListItem","position":1,"name":"Accueil","item":"https:\/\/foch.ch\/"},{"@type":"ListItem","position":2,"name":"Service nach dem Verkauf"}]},{"@type":"WebSite","@id":"https:\/\/foch.ch\/#website","url":"https:\/\/foch.ch\/","name":"FOCH Automobiles SA","description":"Votre centre de comp\u00e9tences automobiles","publisher":{"@id":"https:\/\/foch.ch\/#organization"},"potentialAction":[{"@type":"SearchAction","target":{"@type":"EntryPoint","urlTemplate":"https:\/\/foch.ch\/?s={search_term_string}"},"query-input":{"@type":"PropertyValueSpecification","valueRequired":true,"valueName":"search_term_string"}}],"inLanguage":"de"},{"@type":"Organization","@id":"https:\/\/foch.ch\/#organization","name":"FOCH Automobiles SA","url":"https:\/\/foch.ch\/","logo":{"@type":"ImageObject","inLanguage":"de","@id":"https:\/\/foch.ch\/#\/schema\/logo\/image\/","url":"https:\/\/foch.ch\/wp-content\/uploads\/2023\/05\/logo-foch-rgb.png","contentUrl":"https:\/\/foch.ch\/wp-content\/uploads\/2023\/05\/logo-foch-rgb.png","width":228,"height":45,"caption":"FOCH Automobiles SA"},"image":{"@id":"https:\/\/foch.ch\/#\/schema\/logo\/image\/"}}]}},"_links":{"self":[{"href":"https:\/\/foch.ch\/de\/wp-json\/wp\/v2\/pages\/2079","targetHints":{"allow":["GET"]}}],"collection":[{"href":"https:\/\/foch.ch\/de\/wp-json\/wp\/v2\/pages"}],"about":[{"href":"https:\/\/foch.ch\/de\/wp-json\/wp\/v2\/types\/page"}],"author":[{"embeddable":true,"href":"https:\/\/foch.ch\/de\/wp-json\/wp\/v2\/users\/1"}],"replies":[{"embeddable":true,"href":"https:\/\/foch.ch\/de\/wp-json\/wp\/v2\/comments?post=2079"}],"version-history":[{"count":34,"href":"https:\/\/foch.ch\/de\/wp-json\/wp\/v2\/pages\/2079\/revisions"}],"predecessor-version":[{"id":2489,"href":"https:\/\/foch.ch\/de\/wp-json\/wp\/v2\/pages\/2079\/revisions\/2489"}],"wp:attachment":[{"href":"https:\/\/foch.ch\/de\/wp-json\/wp\/v2\/media?parent=2079"}],"curies":[{"name":"wp","href":"https:\/\/api.w.org\/{rel}","templated":true}]}}