{"id":1119,"date":"2023-05-15T13:50:04","date_gmt":"2023-05-15T11:50:04","guid":{"rendered":"https:\/\/foch.ch\/impressum\/"},"modified":"2025-03-20T14:55:06","modified_gmt":"2025-03-20T13:55:06","slug":"impressum","status":"publish","type":"page","link":"https:\/\/foch.ch\/de\/impressum\/","title":{"rendered":"Impressum"},"content":{"rendered":"\t\t<div data-elementor-type=\"wp-page\" data-elementor-id=\"1119\" class=\"elementor elementor-1119 elementor-447\">\n\t\t\t\t\t\t<section class=\"elementor-section elementor-top-section elementor-element elementor-element-3ad962d elementor-section-boxed elementor-section-height-default elementor-section-height-default\" data-id=\"3ad962d\" data-element_type=\"section\">\n\t\t\t\t\t\t<div class=\"elementor-container elementor-column-gap-default\">\n\t\t\t\t\t<div class=\"elementor-column elementor-col-100 elementor-top-column elementor-element elementor-element-0ae4e59\" data-id=\"0ae4e59\" data-element_type=\"column\">\n\t\t\t<div class=\"elementor-widget-wrap elementor-element-populated\">\n\t\t\t\t\t\t<div class=\"elementor-element elementor-element-1dda594 elementor-widget elementor-widget-text-editor\" data-id=\"1dda594\" data-element_type=\"widget\" data-widget_type=\"text-editor.default\">\n\t\t\t\t<div class=\"elementor-widget-container\">\n\t\t\t\t\t\t\t\t\t<h4>Kontaktadresse<\/h4><p>FOCH Automobiles AG<br \/>Route de Soleure 79<br \/>CH-2504 Biel-Bienne<\/p><h4>Umsatzsteuer-ID<\/h4><p>CHE-106.157.712 TVA<\/p><h4>Betreiber der Website<\/h4><p>FOCH Automobiles AG<br \/>Route de Soleure 79<br \/>CH-2504 Biel-Bienne<\/p><h4>Handelsregistereintrag \/ Rechtsform<\/h4><p>Nummer CHE-106.157.712<br \/><em><strong><span style=\"text-decoration: underline;\">Rechtsform: Aktiengesellschaft<\/span><\/strong><\/em><\/p><h4>Kontakt<\/h4><p>Frank Chappuis<br \/>T +41 32 343 31 32<br \/>E garage(at)foch(dot)ch<\/p><h4>Direktion<\/h4><p>Frank Chappuis<\/p><div id=\"c371\" class=\"frame frame-default frame-type-textmedia frame-layout-0\"><div class=\"ce-textpic ce-right ce-intext\"><div class=\"ce-bodytext\"><h4>Ausschluss der Haftung<\/h4><p>Der Autor \u00fcbernimmt keinerlei Gew\u00e4hr hinsichtlich der inhaltlichen Richtigkeit, Genauigkeit, Aktualit\u00e4t, Zuverl\u00e4ssigkeit oder Vollst\u00e4ndigkeit der Informationen.<\/p><p>Haftungsanspr\u00fcche gegen den Autor wegen Sch\u00e4den materieller oder immaterieller Art, welche aus dem Zugriff oder der Nutzung bzw. Nichtnutzung der ver\u00f6ffentlichten Informationen, durch Missbrauch der Verbindung oder durch technische St\u00f6rungen entstanden sind, werden ausgeschlossen.<\/p><p>Alle Angebote sind freibleibend und unverbindlich. Der Autor beh\u00e4lt es sich ausdr\u00fccklich vor, Teile der Seiten oder das gesamte Angebot ohne gesonderte Ank\u00fcndigung zu ver\u00e4ndern, zu erg\u00e4nzen, zu l\u00f6schen oder die Ver\u00f6ffentlichung zeitweise oder endg\u00fcltig einzustellen.<\/p><p><span style=\"text-decoration: underline;\"><em><strong>Haftungsausschluss des Website-Betreibers: Alle auf dieser Website bereitgestellten Artikel, Modelle oder Informationen dienen ausschlie\u00dflich zu Referenzzwecken. Obwohl wir uns bem\u00fchen, die Informationen aktuell und korrekt zu halten, geben wir keine ausdr\u00fccklichen oder stillschweigenden Zusicherungen oder Garantien hinsichtlich der Vollst\u00e4ndigkeit, Genauigkeit, Zuverl\u00e4ssigkeit, Eignung oder Verf\u00fcgbarkeit der Website oder damit verbundener Informationen, Artikel, Vorlagen oder Grafiken, die auf der Website enthalten sind. Jegliches Vertrauen, das Sie in diese Informationen setzen, erfolgt daher strikt auf Ihr eigenes Risiko.<\/strong><\/em><\/span><\/p><p>\u00a0<\/p><\/div><\/div><\/div><div id=\"c372\" class=\"frame frame-default frame-type-textmedia frame-layout-0\"><div class=\"ce-textpic ce-right ce-intext\"><div class=\"ce-bodytext\"><h4>Veranwortung f\u00fcr Links<\/h4><p>Verweise und Links auf Websites Dritter liegen nicht in unserer Verantwortung. Wir lehnen jegliche Verantwortung f\u00fcr solche Websites ab. Der Zugriff auf solche Websites und deren Nutzung erfolgt auf eigenes Risiko des Nutzers oder der Nutzerin.<\/p><\/div><\/div><\/div><div id=\"c373\" class=\"frame frame-default frame-type-textmedia frame-layout-0\"><div class=\"ce-textpic ce-center ce-above\"><div class=\"ce-bodytext\"><h4>Urheberrechte<\/h4><p>Das Urheberrecht und alle anderen Rechte an den Inhalten, Bildern, Fotos oder anderen Daten auf der Website geh\u00f6ren ausschlie\u00dflich dem Betreiber der Website oder den speziell genannten Rechteinhabern. Die Vervielf\u00e4ltigung jeglicher Elemente bedarf der vorherigen schriftlichen Zustimmung der Inhaber der Urheberrechte.<\/p><\/div><\/div><\/div>\t\t\t\t\t\t\t\t<\/div>\n\t\t\t\t<\/div>\n\t\t\t\t\t<\/div>\n\t\t<\/div>\n\t\t\t\t\t<\/div>\n\t\t<\/section>\n\t\t\t\t<\/div>\n\t\t","protected":false},"excerpt":{"rendered":"<p>Kontaktadresse FOCH Automobiles AGRoute de Soleure 79CH-2504 Biel-Bienne Umsatzsteuer-ID CHE-106.157.712 TVA Betreiber [&hellip;]<\/p>\n","protected":false},"author":1,"featured_media":0,"parent":0,"menu_order":0,"comment_status":"closed","ping_status":"closed","template":"","meta":{"footnotes":""},"class_list":["post-1119","page","type-page","status-publish","hentry"],"yoast_head":"<!-- This site is optimized with the Yoast SEO plugin v25.1 - https:\/\/yoast.com\/wordpress\/plugins\/seo\/ -->\n<title>Impressum - FOCH Automobiles SA<\/title>\n<meta name=\"robots\" content=\"index, follow, max-snippet:-1, max-image-preview:large, max-video-preview:-1\" \/>\n<link rel=\"canonical\" href=\"https:\/\/foch.ch\/impressum\/\" \/>\n<meta property=\"og:locale\" content=\"de_DE\" \/>\n<meta property=\"og:type\" content=\"article\" \/>\n<meta property=\"og:title\" content=\"Impressum - FOCH Automobiles SA\" \/>\n<meta property=\"og:description\" content=\"Kontaktadresse FOCH Automobiles AGRoute de Soleure 79CH-2504 Biel-Bienne Umsatzsteuer-ID CHE-106.157.712 TVA Betreiber [&hellip;]\" \/>\n<meta property=\"og:url\" content=\"https:\/\/foch.ch\/impressum\/\" \/>\n<meta property=\"og:site_name\" content=\"FOCH Automobiles SA\" \/>\n<meta property=\"article:modified_time\" content=\"2025-03-20T13:55:06+00:00\" \/>\n<meta name=\"twitter:card\" content=\"summary_large_image\" \/>\n<meta name=\"twitter:label1\" content=\"Gesch\u00e4tzte Lesezeit\" \/>\n\t<meta name=\"twitter:data1\" content=\"2\u00a0Minuten\" \/>\n<script type=\"application\/ld+json\" class=\"yoast-schema-graph\">{\"@context\":\"https:\/\/schema.org\",\"@graph\":[{\"@type\":\"WebPage\",\"@id\":\"https:\/\/foch.ch\/impressum\/\",\"url\":\"https:\/\/foch.ch\/impressum\/\",\"name\":\"Impressum - FOCH Automobiles SA\",\"isPartOf\":{\"@id\":\"https:\/\/foch.ch\/#website\"},\"datePublished\":\"2023-05-15T11:50:04+00:00\",\"dateModified\":\"2025-03-20T13:55:06+00:00\",\"breadcrumb\":{\"@id\":\"https:\/\/foch.ch\/impressum\/#breadcrumb\"},\"inLanguage\":\"de\",\"potentialAction\":[{\"@type\":\"ReadAction\",\"target\":[\"https:\/\/foch.ch\/impressum\/\"]}]},{\"@type\":\"BreadcrumbList\",\"@id\":\"https:\/\/foch.ch\/impressum\/#breadcrumb\",\"itemListElement\":[{\"@type\":\"ListItem\",\"position\":1,\"name\":\"Accueil\",\"item\":\"https:\/\/foch.ch\/\"},{\"@type\":\"ListItem\",\"position\":2,\"name\":\"Impressum\"}]},{\"@type\":\"WebSite\",\"@id\":\"https:\/\/foch.ch\/#website\",\"url\":\"https:\/\/foch.ch\/\",\"name\":\"FOCH Automobiles SA\",\"description\":\"Votre centre de comp\u00e9tences automobiles\",\"publisher\":{\"@id\":\"https:\/\/foch.ch\/#organization\"},\"potentialAction\":[{\"@type\":\"SearchAction\",\"target\":{\"@type\":\"EntryPoint\",\"urlTemplate\":\"https:\/\/foch.ch\/?s={search_term_string}\"},\"query-input\":{\"@type\":\"PropertyValueSpecification\",\"valueRequired\":true,\"valueName\":\"search_term_string\"}}],\"inLanguage\":\"de\"},{\"@type\":\"Organization\",\"@id\":\"https:\/\/foch.ch\/#organization\",\"name\":\"FOCH Automobiles SA\",\"url\":\"https:\/\/foch.ch\/\",\"logo\":{\"@type\":\"ImageObject\",\"inLanguage\":\"de\",\"@id\":\"https:\/\/foch.ch\/#\/schema\/logo\/image\/\",\"url\":\"https:\/\/foch.ch\/wp-content\/uploads\/2023\/05\/logo-foch-rgb.png\",\"contentUrl\":\"https:\/\/foch.ch\/wp-content\/uploads\/2023\/05\/logo-foch-rgb.png\",\"width\":228,\"height\":45,\"caption\":\"FOCH Automobiles SA\"},\"image\":{\"@id\":\"https:\/\/foch.ch\/#\/schema\/logo\/image\/\"}}]}<\/script>\n<!-- \/ Yoast SEO plugin. -->","yoast_head_json":{"title":"Impressum - FOCH Automobiles SA","robots":{"index":"index","follow":"follow","max-snippet":"max-snippet:-1","max-image-preview":"max-image-preview:large","max-video-preview":"max-video-preview:-1"},"canonical":"https:\/\/foch.ch\/impressum\/","og_locale":"de_DE","og_type":"article","og_title":"Impressum - FOCH Automobiles SA","og_description":"Kontaktadresse FOCH Automobiles AGRoute de Soleure 79CH-2504 Biel-Bienne Umsatzsteuer-ID CHE-106.157.712 TVA Betreiber [&hellip;]","og_url":"https:\/\/foch.ch\/impressum\/","og_site_name":"FOCH Automobiles SA","article_modified_time":"2025-03-20T13:55:06+00:00","twitter_card":"summary_large_image","twitter_misc":{"Gesch\u00e4tzte Lesezeit":"2\u00a0Minuten"},"schema":{"@context":"https:\/\/schema.org","@graph":[{"@type":"WebPage","@id":"https:\/\/foch.ch\/impressum\/","url":"https:\/\/foch.ch\/impressum\/","name":"Impressum - FOCH Automobiles SA","isPartOf":{"@id":"https:\/\/foch.ch\/#website"},"datePublished":"2023-05-15T11:50:04+00:00","dateModified":"2025-03-20T13:55:06+00:00","breadcrumb":{"@id":"https:\/\/foch.ch\/impressum\/#breadcrumb"},"inLanguage":"de","potentialAction":[{"@type":"ReadAction","target":["https:\/\/foch.ch\/impressum\/"]}]},{"@type":"BreadcrumbList","@id":"https:\/\/foch.ch\/impressum\/#breadcrumb","itemListElement":[{"@type":"ListItem","position":1,"name":"Accueil","item":"https:\/\/foch.ch\/"},{"@type":"ListItem","position":2,"name":"Impressum"}]},{"@type":"WebSite","@id":"https:\/\/foch.ch\/#website","url":"https:\/\/foch.ch\/","name":"FOCH Automobiles SA","description":"Votre centre de comp\u00e9tences automobiles","publisher":{"@id":"https:\/\/foch.ch\/#organization"},"potentialAction":[{"@type":"SearchAction","target":{"@type":"EntryPoint","urlTemplate":"https:\/\/foch.ch\/?s={search_term_string}"},"query-input":{"@type":"PropertyValueSpecification","valueRequired":true,"valueName":"search_term_string"}}],"inLanguage":"de"},{"@type":"Organization","@id":"https:\/\/foch.ch\/#organization","name":"FOCH Automobiles SA","url":"https:\/\/foch.ch\/","logo":{"@type":"ImageObject","inLanguage":"de","@id":"https:\/\/foch.ch\/#\/schema\/logo\/image\/","url":"https:\/\/foch.ch\/wp-content\/uploads\/2023\/05\/logo-foch-rgb.png","contentUrl":"https:\/\/foch.ch\/wp-content\/uploads\/2023\/05\/logo-foch-rgb.png","width":228,"height":45,"caption":"FOCH Automobiles SA"},"image":{"@id":"https:\/\/foch.ch\/#\/schema\/logo\/image\/"}}]}},"_links":{"self":[{"href":"https:\/\/foch.ch\/de\/wp-json\/wp\/v2\/pages\/1119","targetHints":{"allow":["GET"]}}],"collection":[{"href":"https:\/\/foch.ch\/de\/wp-json\/wp\/v2\/pages"}],"about":[{"href":"https:\/\/foch.ch\/de\/wp-json\/wp\/v2\/types\/page"}],"author":[{"embeddable":true,"href":"https:\/\/foch.ch\/de\/wp-json\/wp\/v2\/users\/1"}],"replies":[{"embeddable":true,"href":"https:\/\/foch.ch\/de\/wp-json\/wp\/v2\/comments?post=1119"}],"version-history":[{"count":18,"href":"https:\/\/foch.ch\/de\/wp-json\/wp\/v2\/pages\/1119\/revisions"}],"predecessor-version":[{"id":2173,"href":"https:\/\/foch.ch\/de\/wp-json\/wp\/v2\/pages\/1119\/revisions\/2173"}],"wp:attachment":[{"href":"https:\/\/foch.ch\/de\/wp-json\/wp\/v2\/media?parent=1119"}],"curies":[{"name":"wp","href":"https:\/\/api.w.org\/{rel}","templated":true}]}}