{"id":1086,"date":"2022-07-27T08:06:51","date_gmt":"2022-07-27T06:06:51","guid":{"rendered":"https:\/\/foch.ch\/contact\/"},"modified":"2026-01-23T16:15:27","modified_gmt":"2026-01-23T15:15:27","slug":"contact","status":"publish","type":"page","link":"https:\/\/foch.ch\/de\/contact\/","title":{"rendered":"Kontakt"},"content":{"rendered":"\t\t<div data-elementor-type=\"wp-page\" data-elementor-id=\"1086\" class=\"elementor elementor-1086 elementor-66\">\n\t\t\t\t\t\t<section class=\"elementor-section elementor-top-section elementor-element elementor-element-99ee4e2 elementor-section-content-middle elementor-section-boxed elementor-section-height-default elementor-section-height-default\" data-id=\"99ee4e2\" data-element_type=\"section\">\n\t\t\t\t\t\t<div class=\"elementor-container elementor-column-gap-default\">\n\t\t\t\t\t<div class=\"elementor-column elementor-col-50 elementor-top-column elementor-element elementor-element-6902d6a\" data-id=\"6902d6a\" data-element_type=\"column\">\n\t\t\t<div class=\"elementor-widget-wrap elementor-element-populated\">\n\t\t\t\t\t\t<div class=\"elementor-element elementor-element-6a589756 elementor-widget elementor-widget-heading\" data-id=\"6a589756\" data-element_type=\"widget\" data-settings=\"{&quot;_animation&quot;:&quot;none&quot;}\" data-widget_type=\"heading.default\">\n\t\t\t\t<div class=\"elementor-widget-container\">\n\t\t\t\t\t<h2 class=\"elementor-heading-title elementor-size-default\">Z\u00f6gern Sie nicht  uns<strong> zu kontaktieren<\/strong> <\/h2>\t\t\t\t<\/div>\n\t\t\t\t<\/div>\n\t\t\t\t<div class=\"elementor-element elementor-element-5742f520  ui-split-animate ui-splitby-lines elementor-widget elementor-widget-text-editor\" data-id=\"5742f520\" data-element_type=\"widget\" data-settings=\"{&quot;ui_animate_split&quot;:&quot;ui-split-animate&quot;,&quot;ui_animate_split_by&quot;:&quot;lines&quot;,&quot;ui_animate_split_style&quot;:&quot;fadeInUp&quot;}\" data-widget_type=\"text-editor.default\">\n\t\t\t\t<div class=\"elementor-widget-container\">\n\t\t\t\t\t\t\t\t\t<p>Wenn Sie Fragen haben oder weitere Informationen zu einer unserer Dienstleistungen ben\u00f6tigen, kontaktieren Sie uns bitte \u00fcber die unten stehenden Informationen oder \u00fcber unser Kontaktformular. Wir werden Ihnen gerne antworten.<\/p>\t\t\t\t\t\t\t\t<\/div>\n\t\t\t\t<\/div>\n\t\t\t\t<div class=\"elementor-element elementor-element-13942328 elementor-widget elementor-widget-heading\" data-id=\"13942328\" data-element_type=\"widget\" data-widget_type=\"heading.default\">\n\t\t\t\t<div class=\"elementor-widget-container\">\n\t\t\t\t\t<h3 class=\"elementor-heading-title elementor-size-default\">Kontakt<\/h3>\t\t\t\t<\/div>\n\t\t\t\t<\/div>\n\t\t\t\t<div class=\"elementor-element elementor-element-5ce457ac elementor-position-left elementor-widget__width-initial elementor-widget-tablet__width-initial bdt-icon-type-icon elementor-vertical-align-top bdt-icon-effect-none elementor-widget elementor-widget-bdt-advanced-icon-box\" data-id=\"5ce457ac\" data-element_type=\"widget\" data-widget_type=\"bdt-advanced-icon-box.default\">\n\t\t\t\t<div class=\"elementor-widget-container\">\n\t\t\t\t\t\t\t<div class=\"bdt-ep-advanced-icon-box\">\n\n\t\t\t\t\t\t\t\n\t\t\t\t\t\t\t<div class=\"bdt-ep-advanced-icon-box-icon\">\n\t\t\t\t\t<span class=\"bdt-ep-advanced-icon-box-icon-wrap\">\n\n\n\t\t\t\t\t\t\n\t\t\t\t\t\t\t<i aria-hidden=\"true\" class=\"fas fa-map-marker-alt\"><\/i>\n\n\t\t\t\t\t\t\t\t\t\t\t<\/span>\n\t\t\t\t<\/div>\n\t\t\t\n\t\t\t\t\t\n\t\t\t<div class=\"bdt-ep-advanced-icon-box-content\">\n\n\t\t\t\t\t\t\t\t\t\n\t\t\n\n\t\t\n\t\t\t\t\t\t\n\t\t\t\t\n\t\t\t\t\t\t\t\t\t<div class=\"bdt-ep-advanced-icon-box-description\">\n\t\t\t\t\t\t<p><strong>FOCH Automobiles AG<\/strong><br \/>Solothurnstr. 79<br \/>2504 Biel \/ Bienne<\/p>\t\t\t\t\t<\/div>\n\t\t\t\t\n\t\t\t\t\t\t\t<\/div>\n\t\t<\/div>\n\n\t\t\n\t\t\n\t\t\t\t\t\t<\/div>\n\t\t\t\t<\/div>\n\t\t\t\t<div class=\"elementor-element elementor-element-459b9f61 elementor-position-left elementor-widget__width-initial elementor-widget-tablet__width-initial elementor-widget-mobile__width-initial bdt-icon-type-icon elementor-vertical-align-top bdt-icon-effect-none elementor-widget elementor-widget-bdt-advanced-icon-box\" data-id=\"459b9f61\" data-element_type=\"widget\" data-widget_type=\"bdt-advanced-icon-box.default\">\n\t\t\t\t<div class=\"elementor-widget-container\">\n\t\t\t\t\t\t\t<div class=\"bdt-ep-advanced-icon-box\">\n\n\t\t\t\t\t\t\t\n\t\t\t\t\t\t\t<div class=\"bdt-ep-advanced-icon-box-icon\">\n\t\t\t\t\t<span class=\"bdt-ep-advanced-icon-box-icon-wrap\">\n\n\n\t\t\t\t\t\t\n\t\t\t\t\t\t\t<i aria-hidden=\"true\" class=\"fas fa-phone-alt\"><\/i>\n\n\t\t\t\t\t\t\t\t\t\t\t<\/span>\n\t\t\t\t<\/div>\n\t\t\t\n\t\t\t\t\t\n\t\t\t<div class=\"bdt-ep-advanced-icon-box-content\">\n\n\t\t\t\t\t\t\t\t\t\n\t\t\n\n\t\t\n\t\t\t\t\t\t\n\t\t\t\t\n\t\t\t\t\t\t\t\t\t<div class=\"bdt-ep-advanced-icon-box-description\">\n\t\t\t\t\t\t<p>Telefon<\/p>\t\t\t\t\t<\/div>\n\t\t\t\t\n\t\t\t\t\t\t\t\t\t<a class=\"bdt-ep-advanced-icon-box-readmore bdt-display-inline-block\" href=\"tel:+41323433132\">\n\t\t\t\t\t\t+41 32 343 31 32\n\t\t\t\t\t\t\t\t\t\t\t<\/a>\n\t\t\t\t\t\t\t<\/div>\n\t\t<\/div>\n\n\t\t\n\t\t\n\t\t\t\t\t\t<\/div>\n\t\t\t\t<\/div>\n\t\t\t\t<div class=\"elementor-element elementor-element-5ebd068 elementor-widget elementor-widget-heading\" data-id=\"5ebd068\" data-element_type=\"widget\" id=\"horaires\" data-widget_type=\"heading.default\">\n\t\t\t\t<div class=\"elementor-widget-container\">\n\t\t\t\t\t<h3 class=\"elementor-heading-title elementor-size-default\">\u00d6ffnungszeiten<\/h3>\t\t\t\t<\/div>\n\t\t\t\t<\/div>\n\t\t\t\t<div class=\"elementor-element elementor-element-9c71041 elementor-widget elementor-widget-text-editor\" data-id=\"9c71041\" data-element_type=\"widget\" data-widget_type=\"text-editor.default\">\n\t\t\t\t<div class=\"elementor-widget-container\">\n\t\t\t\t\t\t\t\t\t<p>Verkauf\u00a0:<\/p>\t\t\t\t\t\t\t\t<\/div>\n\t\t\t\t<\/div>\n\t\t\t\t<div class=\"elementor-element elementor-element-f9846ef elementor-widget elementor-widget-text-editor\" data-id=\"f9846ef\" data-element_type=\"widget\" data-widget_type=\"text-editor.default\">\n\t\t\t\t<div class=\"elementor-widget-container\">\n\t\t\t\t\t\t\t\t\t<p>Mo-Do 09.00-12.00 | 13.30-18.00<br \/>Fr 09.00-12.00 | 13.30-17.00 <br \/>Sa nach Vereinbarung<\/p>\t\t\t\t\t\t\t\t<\/div>\n\t\t\t\t<\/div>\n\t\t\t\t<div class=\"elementor-element elementor-element-4919019 elementor-widget elementor-widget-text-editor\" data-id=\"4919019\" data-element_type=\"widget\" data-widget_type=\"text-editor.default\">\n\t\t\t\t<div class=\"elementor-widget-container\">\n\t\t\t\t\t\t\t\t\t<p>Werkstatt\u00a0:<\/p>\t\t\t\t\t\t\t\t<\/div>\n\t\t\t\t<\/div>\n\t\t\t\t<div class=\"elementor-element elementor-element-826b9c7 elementor-widget elementor-widget-text-editor\" data-id=\"826b9c7\" data-element_type=\"widget\" data-widget_type=\"text-editor.default\">\n\t\t\t\t<div class=\"elementor-widget-container\">\n\t\t\t\t\t\t\t\t\t<p>Mo-Do 07.30-12.00 | 13.30-17.30<br \/>Fr 07.30-12.00 | 13.30-16.30<br \/>Sa geschlossen<\/p><p>Tel. Werkstatt <a href=\"tel:+41325526080\">032 552 60 80<\/a><\/p>\t\t\t\t\t\t\t\t<\/div>\n\t\t\t\t<\/div>\n\t\t\t\t\t<\/div>\n\t\t<\/div>\n\t\t\t\t<div class=\"elementor-column elementor-col-50 elementor-top-column elementor-element elementor-element-e32f769\" data-id=\"e32f769\" data-element_type=\"column\" data-settings=\"{&quot;background_background&quot;:&quot;classic&quot;}\">\n\t\t\t<div class=\"elementor-widget-wrap elementor-element-populated\">\n\t\t\t\t\t\t<div class=\"elementor-element elementor-element-fd3e081 elementor-widget elementor-widget-bdt-advanced-gmap\" data-id=\"fd3e081\" data-element_type=\"widget\" data-widget_type=\"bdt-advanced-gmap.default\">\n\t\t\t\t<div class=\"elementor-widget-container\">\n\t\t\t\t\t\t\t\n\t\t\t\t<div style=\"opacity:0\" class=\"bdt-advanced-map\">\n\t\t\t<div class=\"bdt-grid-wrap\">\n\t\t\t\t<div class=\"bdt-advanced-map-wrapper\">\n\t\t\t\t\t<div class=\"bdt-advanced-gmap\" id=\"bdt-advanced-gmap-fd3e081-71\" data-map_markers=\"[{&quot;lat&quot;:47.157282,&quot;lng&quot;:7.272692,&quot;title&quot;:&quot;Garage FOCH Automobiles AG&quot;,&quot;place&quot;:&quot;Bienne&quot;,&quot;icon&quot;:&quot;https:\\\/\\\/foch.ch\\\/wp-content\\\/uploads\\\/2023\\\/05\\\/pin-9.png&quot;,&quot;content&quot;:&quot;Rte de Soleure 79&lt;\\\/br&gt;\\n2504 Bienne&quot;,&quot;phone&quot;:&quot;+41 32 343 31 31&quot;,&quot;website&quot;:&quot;&quot;,&quot;image&quot;:&quot;https:\\\/\\\/foch.ch\\\/wp-content\\\/uploads\\\/2023\\\/05\\\/placeholder-27-300x200.png&quot;}]\" data-map_style=\"[ { &quot;elementType&quot;: &quot;geometry&quot;, &quot;stylers&quot;: [ { &quot;color&quot;: &quot;#f5f5f5&quot; } ] }, { &quot;elementType&quot;: &quot;labels.icon&quot;, &quot;stylers&quot;: [ { &quot;visibility&quot;: &quot;off&quot; } ] }, { &quot;elementType&quot;: &quot;labels.text.fill&quot;, &quot;stylers&quot;: [ { &quot;color&quot;: &quot;#616161&quot; } ] }, { &quot;elementType&quot;: &quot;labels.text.stroke&quot;, &quot;stylers&quot;: [ { &quot;color&quot;: &quot;#f5f5f5&quot; } ] }, { &quot;featureType&quot;: &quot;administrative.land_parcel&quot;, &quot;elementType&quot;: &quot;labels.text.fill&quot;, &quot;stylers&quot;: [ { &quot;color&quot;: &quot;#bdbdbd&quot; } ] }, { &quot;featureType&quot;: &quot;poi&quot;, &quot;elementType&quot;: &quot;geometry&quot;, &quot;stylers&quot;: [ { &quot;color&quot;: &quot;#eeeeee&quot; } ] }, { &quot;featureType&quot;: &quot;poi&quot;, &quot;elementType&quot;: &quot;labels.text.fill&quot;, &quot;stylers&quot;: [ { &quot;color&quot;: &quot;#757575&quot; } ] }, { &quot;featureType&quot;: &quot;poi.park&quot;, &quot;elementType&quot;: &quot;geometry&quot;, &quot;stylers&quot;: [ { &quot;color&quot;: &quot;#e5e5e5&quot; } ] }, { &quot;featureType&quot;: &quot;poi.park&quot;, &quot;elementType&quot;: &quot;labels.text.fill&quot;, &quot;stylers&quot;: [ { &quot;color&quot;: &quot;#9e9e9e&quot; } ] }, { &quot;featureType&quot;: &quot;road&quot;, &quot;elementType&quot;: &quot;geometry&quot;, &quot;stylers&quot;: [ { &quot;color&quot;: &quot;#ffffff&quot; } ] }, { &quot;featureType&quot;: &quot;road.arterial&quot;, &quot;elementType&quot;: &quot;labels.text.fill&quot;, &quot;stylers&quot;: [ { &quot;color&quot;: &quot;#757575&quot; } ] }, { &quot;featureType&quot;: &quot;road.highway&quot;, &quot;elementType&quot;: &quot;geometry&quot;, &quot;stylers&quot;: [ { &quot;color&quot;: &quot;#dadada&quot; } ] }, { &quot;featureType&quot;: &quot;road.highway&quot;, &quot;elementType&quot;: &quot;labels.text.fill&quot;, &quot;stylers&quot;: [ { &quot;color&quot;: &quot;#616161&quot; } ] }, { &quot;featureType&quot;: &quot;road.local&quot;, &quot;elementType&quot;: &quot;labels.text.fill&quot;, &quot;stylers&quot;: [ { &quot;color&quot;: &quot;#9e9e9e&quot; } ] }, { &quot;featureType&quot;: &quot;transit.line&quot;, &quot;elementType&quot;: &quot;geometry&quot;, &quot;stylers&quot;: [ { &quot;color&quot;: &quot;#e5e5e5&quot; } ] }, { &quot;featureType&quot;: &quot;transit.station&quot;, &quot;elementType&quot;: &quot;geometry&quot;, &quot;stylers&quot;: [ { &quot;color&quot;: &quot;#eeeeee&quot; } ] }, { &quot;featureType&quot;: &quot;water&quot;, &quot;elementType&quot;: &quot;geometry&quot;, &quot;stylers&quot;: [ { &quot;color&quot;: &quot;#c9c9c9&quot; } ] }, { &quot;featureType&quot;: &quot;water&quot;, &quot;elementType&quot;: &quot;labels.text.fill&quot;, &quot;stylers&quot;: [ { &quot;color&quot;: &quot;#9e9e9e&quot; } ] } ]\" data-map_settings=\"{&quot;el&quot;:&quot;#bdt-advanced-gmap-fd3e081-71&quot;,&quot;lat&quot;:&quot;47.157282&quot;,&quot;lng&quot;:&quot;7.272692&quot;,&quot;zoomControl&quot;:true,&quot;zoom&quot;:14,&quot;streetViewControl&quot;:true,&quot;mapTypeControl&quot;:true}\" data-map_geocode=\"false\"><\/div>\n\t\t\t\t<\/div>\n\t\t\t\t\t\t\t<\/div>\n\t\t<\/div>\n\t\t\t\t<\/div>\n\t\t\t\t<\/div>\n\t\t\t\t\t<\/div>\n\t\t<\/div>\n\t\t\t\t\t<\/div>\n\t\t<\/section>\n\t\t\t\t<section class=\"elementor-section elementor-top-section elementor-element elementor-element-525f598 elementor-section-full_width elementor-hidden-desktop elementor-hidden-tablet elementor-hidden-mobile elementor-section-height-default elementor-section-height-default\" data-id=\"525f598\" data-element_type=\"section\">\n\t\t\t\t\t\t<div class=\"elementor-container elementor-column-gap-default\">\n\t\t\t\t\t<div class=\"elementor-column elementor-col-50 elementor-top-column elementor-element elementor-element-a71cdb0\" data-id=\"a71cdb0\" data-element_type=\"column\">\n\t\t\t<div class=\"elementor-widget-wrap\">\n\t\t\t\t\t\t\t<\/div>\n\t\t<\/div>\n\t\t\t\t<div class=\"elementor-column elementor-col-50 elementor-top-column elementor-element elementor-element-4d281c1\" data-id=\"4d281c1\" data-element_type=\"column\" data-settings=\"{&quot;background_background&quot;:&quot;classic&quot;}\">\n\t\t\t<div class=\"elementor-widget-wrap elementor-element-populated\">\n\t\t\t\t\t\t<div class=\"elementor-element elementor-element-b71fba7 elementor-widget elementor-widget-shortcode\" data-id=\"b71fba7\" data-element_type=\"widget\" data-widget_type=\"shortcode.default\">\n\t\t\t\t<div class=\"elementor-widget-container\">\n\t\t\t\t\t\t\t<div class=\"elementor-shortcode\">\n<div class=\"wpcf7 no-js\" id=\"wpcf7-f1193-o1\" lang=\"fr-FR\" dir=\"ltr\" data-wpcf7-id=\"1193\">\n<div class=\"screen-reader-response\"><p role=\"status\" aria-live=\"polite\" aria-atomic=\"true\"><\/p> <ul><\/ul><\/div>\n<form action=\"\/de\/wp-json\/wp\/v2\/pages\/1086#wpcf7-f1193-o1\" method=\"post\" class=\"wpcf7-form init\" aria-label=\"Formulaire de contact\" novalidate=\"novalidate\" data-status=\"init\">\n<div style=\"display: none;\">\n<input type=\"hidden\" name=\"_wpcf7\" value=\"1193\" \/>\n<input type=\"hidden\" name=\"_wpcf7_version\" value=\"6.0.6\" \/>\n<input type=\"hidden\" name=\"_wpcf7_locale\" value=\"fr_FR\" \/>\n<input type=\"hidden\" name=\"_wpcf7_unit_tag\" value=\"wpcf7-f1193-o1\" \/>\n<input type=\"hidden\" name=\"_wpcf7_container_post\" value=\"0\" \/>\n<input type=\"hidden\" name=\"_wpcf7_posted_data_hash\" value=\"\" \/>\n<input type=\"hidden\" name=\"_wpcf7_recaptcha_response\" value=\"\" \/>\n<\/div>\n<p><label> Ihr Name*<br \/>\n<span class=\"wpcf7-form-control-wrap\" data-name=\"your-name\"><input size=\"40\" maxlength=\"400\" class=\"wpcf7-form-control wpcf7-text wpcf7-validates-as-required\" autocomplete=\"name\" aria-required=\"true\" aria-invalid=\"false\" placeholder=\"John Dupont\" value=\"\" type=\"text\" name=\"your-name\" \/><\/span> <\/label>\n<\/p>\n<p><label> Email*<br \/>\n<span class=\"wpcf7-form-control-wrap\" data-name=\"your-email\"><input size=\"40\" maxlength=\"400\" class=\"wpcf7-form-control wpcf7-email wpcf7-validates-as-required wpcf7-text wpcf7-validates-as-email\" autocomplete=\"email\" aria-required=\"true\" aria-invalid=\"false\" placeholder=\"exemple@email.com\" value=\"\" type=\"email\" name=\"your-email\" \/><\/span> <\/label>\n<\/p>\n<p><label> Telefon-Nr.*<br \/>\n<span class=\"wpcf7-form-control-wrap\" data-name=\"your-phone\"><input size=\"40\" maxlength=\"400\" class=\"wpcf7-form-control wpcf7-text wpcf7-validates-as-required\" aria-required=\"true\" aria-invalid=\"false\" placeholder=\"Ihre Telefon-Nr.\" value=\"\" type=\"text\" name=\"your-phone\" \/><\/span> <\/label>\n<\/p>\n<p><label> Thema*<br \/>\n<span class=\"wpcf7-form-control-wrap\" data-name=\"your-subject\"><input size=\"40\" maxlength=\"400\" class=\"wpcf7-form-control wpcf7-text wpcf7-validates-as-required\" aria-required=\"true\" aria-invalid=\"false\" placeholder=\"Das Thema Ihrer Anfrage\" value=\"\" type=\"text\" name=\"your-subject\" \/><\/span> <\/label>\n<\/p>\n<p><label> Ihr Anfrage (optional)<br \/>\n<span class=\"wpcf7-form-control-wrap\" data-name=\"your-message\"><textarea cols=\"40\" rows=\"10\" maxlength=\"2000\" class=\"wpcf7-form-control wpcf7-textarea\" aria-invalid=\"false\" name=\"your-message\"><\/textarea><\/span> <\/label>\n<\/p>\n<p><label> Chassis-Nummer - 17 Stellen (optional)<br \/>\n<span class=\"wpcf7-form-control-wrap\" data-name=\"your-chassis\"><input size=\"40\" maxlength=\"400\" class=\"wpcf7-form-control wpcf7-text\" autocomplete=\"name\" aria-invalid=\"false\" value=\"\" type=\"text\" name=\"your-chassis\" \/><\/span> <\/label>\n<\/p>\n<p><input class=\"wpcf7-form-control wpcf7-submit has-spinner\" type=\"submit\" value=\"Senden\" \/>\n<\/p><div class=\"wpcf7-response-output\" aria-hidden=\"true\"><\/div>\n<\/form>\n<\/div>\n<\/div>\n\t\t\t\t\t\t<\/div>\n\t\t\t\t<\/div>\n\t\t\t\t\t<\/div>\n\t\t<\/div>\n\t\t\t\t\t<\/div>\n\t\t<\/section>\n\t\t\t\t<\/div>\n\t\t","protected":false},"excerpt":{"rendered":"<p>Z\u00f6gern Sie nicht uns zu kontaktieren Wenn Sie Fragen haben oder weitere [&hellip;]<\/p>\n","protected":false},"author":1,"featured_media":0,"parent":0,"menu_order":0,"comment_status":"closed","ping_status":"closed","template":"","meta":{"footnotes":""},"class_list":["post-1086","page","type-page","status-publish","hentry"],"yoast_head":"<!-- This site is optimized with the Yoast SEO plugin v25.1 - https:\/\/yoast.com\/wordpress\/plugins\/seo\/ -->\n<title>Kontakt - FOCH Automobiles SA<\/title>\n<meta name=\"robots\" content=\"index, follow, max-snippet:-1, max-image-preview:large, max-video-preview:-1\" \/>\n<link rel=\"canonical\" href=\"https:\/\/foch.ch\/contact\/\" \/>\n<meta property=\"og:locale\" content=\"de_DE\" \/>\n<meta property=\"og:type\" content=\"article\" \/>\n<meta property=\"og:title\" content=\"Kontakt - FOCH Automobiles SA\" \/>\n<meta property=\"og:description\" content=\"Z\u00f6gern Sie nicht uns zu kontaktieren Wenn Sie Fragen haben oder weitere [&hellip;]\" \/>\n<meta property=\"og:url\" content=\"https:\/\/foch.ch\/contact\/\" \/>\n<meta property=\"og:site_name\" content=\"FOCH Automobiles SA\" \/>\n<meta property=\"article:modified_time\" content=\"2026-01-23T15:15:27+00:00\" \/>\n<meta name=\"twitter:card\" content=\"summary_large_image\" \/>\n<meta name=\"twitter:label1\" content=\"Gesch\u00e4tzte Lesezeit\" \/>\n\t<meta name=\"twitter:data1\" content=\"17\u00a0Minuten\" \/>\n<script type=\"application\/ld+json\" class=\"yoast-schema-graph\">{\"@context\":\"https:\/\/schema.org\",\"@graph\":[{\"@type\":\"WebPage\",\"@id\":\"https:\/\/foch.ch\/contact\/\",\"url\":\"https:\/\/foch.ch\/contact\/\",\"name\":\"Kontakt - FOCH Automobiles SA\",\"isPartOf\":{\"@id\":\"https:\/\/foch.ch\/#website\"},\"datePublished\":\"2022-07-27T06:06:51+00:00\",\"dateModified\":\"2026-01-23T15:15:27+00:00\",\"breadcrumb\":{\"@id\":\"https:\/\/foch.ch\/contact\/#breadcrumb\"},\"inLanguage\":\"de\",\"potentialAction\":[{\"@type\":\"ReadAction\",\"target\":[\"https:\/\/foch.ch\/contact\/\"]}]},{\"@type\":\"BreadcrumbList\",\"@id\":\"https:\/\/foch.ch\/contact\/#breadcrumb\",\"itemListElement\":[{\"@type\":\"ListItem\",\"position\":1,\"name\":\"Accueil\",\"item\":\"https:\/\/foch.ch\/\"},{\"@type\":\"ListItem\",\"position\":2,\"name\":\"Kontakt\"}]},{\"@type\":\"WebSite\",\"@id\":\"https:\/\/foch.ch\/#website\",\"url\":\"https:\/\/foch.ch\/\",\"name\":\"FOCH Automobiles SA\",\"description\":\"Votre centre de comp\u00e9tences automobiles\",\"publisher\":{\"@id\":\"https:\/\/foch.ch\/#organization\"},\"potentialAction\":[{\"@type\":\"SearchAction\",\"target\":{\"@type\":\"EntryPoint\",\"urlTemplate\":\"https:\/\/foch.ch\/?s={search_term_string}\"},\"query-input\":{\"@type\":\"PropertyValueSpecification\",\"valueRequired\":true,\"valueName\":\"search_term_string\"}}],\"inLanguage\":\"de\"},{\"@type\":\"Organization\",\"@id\":\"https:\/\/foch.ch\/#organization\",\"name\":\"FOCH Automobiles SA\",\"url\":\"https:\/\/foch.ch\/\",\"logo\":{\"@type\":\"ImageObject\",\"inLanguage\":\"de\",\"@id\":\"https:\/\/foch.ch\/#\/schema\/logo\/image\/\",\"url\":\"https:\/\/foch.ch\/wp-content\/uploads\/2023\/05\/logo-foch-rgb.png\",\"contentUrl\":\"https:\/\/foch.ch\/wp-content\/uploads\/2023\/05\/logo-foch-rgb.png\",\"width\":228,\"height\":45,\"caption\":\"FOCH Automobiles SA\"},\"image\":{\"@id\":\"https:\/\/foch.ch\/#\/schema\/logo\/image\/\"}}]}<\/script>\n<!-- \/ Yoast SEO plugin. -->","yoast_head_json":{"title":"Kontakt - FOCH Automobiles SA","robots":{"index":"index","follow":"follow","max-snippet":"max-snippet:-1","max-image-preview":"max-image-preview:large","max-video-preview":"max-video-preview:-1"},"canonical":"https:\/\/foch.ch\/contact\/","og_locale":"de_DE","og_type":"article","og_title":"Kontakt - FOCH Automobiles SA","og_description":"Z\u00f6gern Sie nicht uns zu kontaktieren Wenn Sie Fragen haben oder weitere [&hellip;]","og_url":"https:\/\/foch.ch\/contact\/","og_site_name":"FOCH Automobiles SA","article_modified_time":"2026-01-23T15:15:27+00:00","twitter_card":"summary_large_image","twitter_misc":{"Gesch\u00e4tzte Lesezeit":"17\u00a0Minuten"},"schema":{"@context":"https:\/\/schema.org","@graph":[{"@type":"WebPage","@id":"https:\/\/foch.ch\/contact\/","url":"https:\/\/foch.ch\/contact\/","name":"Kontakt - FOCH Automobiles SA","isPartOf":{"@id":"https:\/\/foch.ch\/#website"},"datePublished":"2022-07-27T06:06:51+00:00","dateModified":"2026-01-23T15:15:27+00:00","breadcrumb":{"@id":"https:\/\/foch.ch\/contact\/#breadcrumb"},"inLanguage":"de","potentialAction":[{"@type":"ReadAction","target":["https:\/\/foch.ch\/contact\/"]}]},{"@type":"BreadcrumbList","@id":"https:\/\/foch.ch\/contact\/#breadcrumb","itemListElement":[{"@type":"ListItem","position":1,"name":"Accueil","item":"https:\/\/foch.ch\/"},{"@type":"ListItem","position":2,"name":"Kontakt"}]},{"@type":"WebSite","@id":"https:\/\/foch.ch\/#website","url":"https:\/\/foch.ch\/","name":"FOCH Automobiles SA","description":"Votre centre de comp\u00e9tences automobiles","publisher":{"@id":"https:\/\/foch.ch\/#organization"},"potentialAction":[{"@type":"SearchAction","target":{"@type":"EntryPoint","urlTemplate":"https:\/\/foch.ch\/?s={search_term_string}"},"query-input":{"@type":"PropertyValueSpecification","valueRequired":true,"valueName":"search_term_string"}}],"inLanguage":"de"},{"@type":"Organization","@id":"https:\/\/foch.ch\/#organization","name":"FOCH Automobiles SA","url":"https:\/\/foch.ch\/","logo":{"@type":"ImageObject","inLanguage":"de","@id":"https:\/\/foch.ch\/#\/schema\/logo\/image\/","url":"https:\/\/foch.ch\/wp-content\/uploads\/2023\/05\/logo-foch-rgb.png","contentUrl":"https:\/\/foch.ch\/wp-content\/uploads\/2023\/05\/logo-foch-rgb.png","width":228,"height":45,"caption":"FOCH Automobiles SA"},"image":{"@id":"https:\/\/foch.ch\/#\/schema\/logo\/image\/"}}]}},"_links":{"self":[{"href":"https:\/\/foch.ch\/de\/wp-json\/wp\/v2\/pages\/1086","targetHints":{"allow":["GET"]}}],"collection":[{"href":"https:\/\/foch.ch\/de\/wp-json\/wp\/v2\/pages"}],"about":[{"href":"https:\/\/foch.ch\/de\/wp-json\/wp\/v2\/types\/page"}],"author":[{"embeddable":true,"href":"https:\/\/foch.ch\/de\/wp-json\/wp\/v2\/users\/1"}],"replies":[{"embeddable":true,"href":"https:\/\/foch.ch\/de\/wp-json\/wp\/v2\/comments?post=1086"}],"version-history":[{"count":49,"href":"https:\/\/foch.ch\/de\/wp-json\/wp\/v2\/pages\/1086\/revisions"}],"predecessor-version":[{"id":2505,"href":"https:\/\/foch.ch\/de\/wp-json\/wp\/v2\/pages\/1086\/revisions\/2505"}],"wp:attachment":[{"href":"https:\/\/foch.ch\/de\/wp-json\/wp\/v2\/media?parent=1086"}],"curies":[{"name":"wp","href":"https:\/\/api.w.org\/{rel}","templated":true}]}}