{"id":1064,"date":"2023-05-12T14:00:58","date_gmt":"2023-05-12T12:00:58","guid":{"rendered":"https:\/\/foch.ch\/nos-occasions\/"},"modified":"2025-11-13T18:59:34","modified_gmt":"2025-11-13T17:59:34","slug":"nos-occasions","status":"publish","type":"page","link":"https:\/\/foch.ch\/de\/nos-occasions\/","title":{"rendered":"Unsere Fahrzeuge"},"content":{"rendered":"\t\t<div data-elementor-type=\"wp-page\" data-elementor-id=\"1064\" class=\"elementor elementor-1064 elementor-219\">\n\t\t\t\t\t\t<section class=\"elementor-section elementor-top-section elementor-element elementor-element-75ebe9e elementor-section-boxed elementor-section-height-default elementor-section-height-default\" data-id=\"75ebe9e\" data-element_type=\"section\">\n\t\t\t\t\t\t<div class=\"elementor-container elementor-column-gap-default\">\n\t\t\t\t\t<div class=\"elementor-column elementor-col-50 elementor-top-column elementor-element elementor-element-9a86443\" data-id=\"9a86443\" data-element_type=\"column\">\n\t\t\t<div class=\"elementor-widget-wrap elementor-element-populated\">\n\t\t\t\t\t\t<div class=\"elementor-element elementor-element-708b318 elementor-widget elementor-widget-heading\" data-id=\"708b318\" data-element_type=\"widget\" data-widget_type=\"heading.default\">\n\t\t\t\t<div class=\"elementor-widget-container\">\n\t\t\t\t\t<h5 class=\"elementor-heading-title elementor-size-default\">Fachgebiete :<\/h5>\t\t\t\t<\/div>\n\t\t\t\t<\/div>\n\t\t\t\t<div class=\"elementor-element elementor-element-fc06722 elementor-widget elementor-widget-heading\" data-id=\"fc06722\" data-element_type=\"widget\" data-widget_type=\"heading.default\">\n\t\t\t\t<div class=\"elementor-widget-container\">\n\t\t\t\t\t<h5 class=\"elementor-heading-title elementor-size-default\">VOLKSWAGEN \u2013 AUDI  -  Seat\/Cupra  - Skoda<\/h5>\t\t\t\t<\/div>\n\t\t\t\t<\/div>\n\t\t\t\t<div class=\"elementor-element elementor-element-f522cdf elementor-widget elementor-widget-html\" data-id=\"f522cdf\" data-element_type=\"widget\" data-widget_type=\"html.default\">\n\t\t\t\t<div class=\"elementor-widget-container\">\n\t\t\t\t\t<script src=\"https:\/\/www.autolina.ch\/iframe\/iframe.js\" type=\"text\/javascript\"><\/script>\r\n<iframe src=\"https:\/\/www.autolina.ch\/de\/iframe\/1974\" onload=\"init_autolina_iframe()\" frameborder=\"0\" allowfullscreen scrolling=\"no\"><\/iframe>\t\t\t\t<\/div>\n\t\t\t\t<\/div>\n\t\t\t\t\t<\/div>\n\t\t<\/div>\n\t\t\t\t<div class=\"elementor-column elementor-col-50 elementor-top-column elementor-element elementor-element-32b2b77\" data-id=\"32b2b77\" data-element_type=\"column\">\n\t\t\t<div class=\"elementor-widget-wrap elementor-element-populated\">\n\t\t\t\t\t\t<section class=\"elementor-section elementor-inner-section elementor-element elementor-element-3e2fc3f elementor-section-boxed elementor-section-height-default elementor-section-height-default\" data-id=\"3e2fc3f\" data-element_type=\"section\" data-settings=\"{&quot;background_background&quot;:&quot;classic&quot;}\">\n\t\t\t\t\t\t<div class=\"elementor-container elementor-column-gap-default\">\n\t\t\t\t\t<div class=\"elementor-column elementor-col-100 elementor-inner-column elementor-element elementor-element-568114b\" data-id=\"568114b\" data-element_type=\"column\">\n\t\t\t<div class=\"elementor-widget-wrap elementor-element-populated\">\n\t\t\t\t\t\t<div class=\"elementor-element elementor-element-77ea7c3 elementor-widget elementor-widget-heading\" data-id=\"77ea7c3\" data-element_type=\"widget\" data-widget_type=\"heading.default\">\n\t\t\t\t<div class=\"elementor-widget-container\">\n\t\t\t\t\t<h2 class=\"elementor-heading-title elementor-size-default\">ein Fahrzeug interessiert Sie?<\/h2>\t\t\t\t<\/div>\n\t\t\t\t<\/div>\n\t\t\t\t<div class=\"elementor-element elementor-element-0835465 elementor-widget elementor-widget-text-editor\" data-id=\"0835465\" data-element_type=\"widget\" data-widget_type=\"text-editor.default\">\n\t\t\t\t<div class=\"elementor-widget-container\">\n\t\t\t\t\t\t\t\t\t<p>Bitte z\u00f6gern Sie nicht, uns zu kontaktieren, wenn Sie weitere Informationen \u00fcber ein Fahrzeug ben\u00f6tigen.<\/p>\t\t\t\t\t\t\t\t<\/div>\n\t\t\t\t<\/div>\n\t\t\t\t<div class=\"elementor-element elementor-element-48d9ac6 elementor-position-left bdt-icon-type-icon elementor-vertical-align-top bdt-icon-effect-none elementor-widget elementor-widget-bdt-advanced-icon-box\" data-id=\"48d9ac6\" data-element_type=\"widget\" data-widget_type=\"bdt-advanced-icon-box.default\">\n\t\t\t\t<div class=\"elementor-widget-container\">\n\t\t\t\t\t\t\t<div class=\"bdt-ep-advanced-icon-box\">\n\n\t\t\t\t\t\t\t\n\t\t\t\t\t\t\t<div class=\"bdt-ep-advanced-icon-box-icon\">\n\t\t\t\t\t<span class=\"bdt-ep-advanced-icon-box-icon-wrap\">\n\n\n\t\t\t\t\t\t\n\t\t\t\t\t\t\t<svg xmlns=\"http:\/\/www.w3.org\/2000\/svg\" xmlns:svg=\"http:\/\/www.w3.org\/2000\/svg\" id=\"svg2499\" xml:space=\"preserve\" width=\"682.66669\" height=\"682.66669\" viewBox=\"0 0 682.66669 682.66669\"><defs id=\"defs2503\"><clipPath clipPathUnits=\"userSpaceOnUse\" id=\"clipPath2513\"><path d=\"M 0,512 H 512 V 0 H 0 Z\" id=\"path2511\"><\/path><\/clipPath><\/defs><g id=\"g2505\" transform=\"matrix(1.3333333,0,0,-1.3333333,0,682.66667)\"><g id=\"g2507\"><g id=\"g2509\" clip-path=\"url(#clipPath2513)\"><g id=\"g2515\" transform=\"translate(256,15)\"><path d=\"m 0,0 c -60,90 -165,212 -165,317 0,90.981 74.019,165 165,165 90.981,0 165,-74.019 165,-165 C 165,212 60,90 0,0 Z\" style=\"fill:none;stroke:#000000;stroke-width:30;stroke-linecap:round;stroke-linejoin:round;stroke-miterlimit:10;stroke-dasharray:none;stroke-opacity:1\" id=\"path2517\"><\/path><\/g><g id=\"g2519\" transform=\"translate(256,257)\"><path d=\"m 0,0 c -41.353,0 -75,33.647 -75,75 0,41.353 33.647,75 75,75 41.353,0 75,-33.647 75,-75 C 75,33.647 41.353,0 0,0 Z\" style=\"fill:none;stroke:#000000;stroke-width:30;stroke-linecap:round;stroke-linejoin:round;stroke-miterlimit:10;stroke-dasharray:none;stroke-opacity:1\" id=\"path2521\"><\/path><\/g><\/g><\/g><\/g><\/svg>\n\n\t\t\t\t\t\t\t\t\t\t\t<\/span>\n\t\t\t\t<\/div>\n\t\t\t\n\t\t\t\t\t\n\t\t\t<div class=\"bdt-ep-advanced-icon-box-content\">\n\n\t\t\t\t\t\t\t\t\t\n\t\t\n\n\t\t\n\t\t\t\t\t\t\n\t\t\t\t\n\t\t\t\t\t\t\t\t\t<div class=\"bdt-ep-advanced-icon-box-description\">\n\t\t\t\t\t\t<p><strong>FOCH Automobiles AG<\/strong><br \/>Solothurnstr. 79<br \/>2504 Biel \/ Bienne<\/p>\t\t\t\t\t<\/div>\n\t\t\t\t\n\t\t\t\t\t\t\t\t\t<a class=\"bdt-ep-advanced-icon-box-readmore bdt-display-inline-block\" href=\"#\">\n\t\t\t\t\t\t\n\t\t\t\t\t\t\t\t\t\t\t<\/a>\n\t\t\t\t\t\t\t<\/div>\n\t\t<\/div>\n\n\t\t\n\t\t\n\t\t\t\t\t\t<\/div>\n\t\t\t\t<\/div>\n\t\t\t\t<div class=\"elementor-element elementor-element-79ce7e7 elementor-position-left bdt-icon-type-icon elementor-vertical-align-top bdt-icon-effect-none elementor-widget elementor-widget-bdt-advanced-icon-box\" data-id=\"79ce7e7\" data-element_type=\"widget\" data-widget_type=\"bdt-advanced-icon-box.default\">\n\t\t\t\t<div class=\"elementor-widget-container\">\n\t\t\t\t\t\t\t<div class=\"bdt-ep-advanced-icon-box\">\n\n\t\t\t\t\t\t\t\n\t\t\t\t\t\t\t<div class=\"bdt-ep-advanced-icon-box-icon\">\n\t\t\t\t\t<span class=\"bdt-ep-advanced-icon-box-icon-wrap\">\n\n\n\t\t\t\t\t\t\n\t\t\t\t\t\t\t<svg xmlns=\"http:\/\/www.w3.org\/2000\/svg\" xmlns:xlink=\"http:\/\/www.w3.org\/1999\/xlink\" id=\"Capa_1\" x=\"0px\" y=\"0px\" viewBox=\"0 0 482.6 482.6\" style=\"enable-background:new 0 0 482.6 482.6;\" xml:space=\"preserve\"><g>\t<path d=\"M98.339,320.8c47.6,56.9,104.9,101.7,170.3,133.4c24.9,11.8,58.2,25.8,95.3,28.2c2.3,0.1,4.5,0.2,6.8,0.2  c24.9,0,44.9-8.6,61.2-26.3c0.1-0.1,0.3-0.3,0.4-0.5c5.8-7,12.4-13.3,19.3-20c4.7-4.5,9.5-9.2,14.1-14  c21.3-22.2,21.3-50.4-0.2-71.9l-60.1-60.1c-10.2-10.6-22.4-16.2-35.2-16.2c-12.8,0-25.1,5.6-35.6,16.1l-35.8,35.8  c-3.3-1.9-6.7-3.6-9.9-5.2c-4-2-7.7-3.9-11-6c-32.6-20.7-62.2-47.7-90.5-82.4c-14.3-18.1-23.9-33.3-30.6-48.8  c9.4-8.5,18.2-17.4,26.7-26.1c3-3.1,6.1-6.2,9.2-9.3c10.8-10.8,16.6-23.3,16.6-36s-5.7-25.2-16.6-36l-29.8-29.8  c-3.5-3.5-6.8-6.9-10.2-10.4c-6.6-6.8-13.5-13.8-20.3-20.1c-10.3-10.1-22.4-15.4-35.2-15.4c-12.7,0-24.9,5.3-35.6,15.5l-37.4,37.4  c-13.6,13.6-21.3,30.1-22.9,49.2c-1.9,23.9,2.5,49.3,13.9,80C32.739,229.6,59.139,273.7,98.339,320.8z M25.739,104.2  c1.2-13.3,6.3-24.4,15.9-34l37.2-37.2c5.8-5.6,12.2-8.5,18.4-8.5c6.1,0,12.3,2.9,18,8.7c6.7,6.2,13,12.7,19.8,19.6  c3.4,3.5,6.9,7,10.4,10.6l29.8,29.8c6.2,6.2,9.4,12.5,9.4,18.7s-3.2,12.5-9.4,18.7c-3.1,3.1-6.2,6.3-9.3,9.4  c-9.3,9.4-18,18.3-27.6,26.8c-0.2,0.2-0.3,0.3-0.5,0.5c-8.3,8.3-7,16.2-5,22.2c0.1,0.3,0.2,0.5,0.3,0.8  c7.7,18.5,18.4,36.1,35.1,57.1c30,37,61.6,65.7,96.4,87.8c4.3,2.8,8.9,5,13.2,7.2c4,2,7.7,3.9,11,6c0.4,0.2,0.7,0.4,1.1,0.6  c3.3,1.7,6.5,2.5,9.7,2.5c8,0,13.2-5.1,14.9-6.8l37.4-37.4c5.8-5.8,12.1-8.9,18.3-8.9c7.6,0,13.8,4.7,17.7,8.9l60.3,60.2  c12,12,11.9,25-0.3,37.7c-4.2,4.5-8.6,8.8-13.3,13.3c-7,6.8-14.3,13.8-20.9,21.7c-11.5,12.4-25.2,18.2-42.9,18.2  c-1.7,0-3.5-0.1-5.2-0.2c-32.8-2.1-63.3-14.9-86.2-25.8c-62.2-30.1-116.8-72.8-162.1-127c-37.3-44.9-62.4-86.7-79-131.5  C28.039,146.4,24.139,124.3,25.739,104.2z\"><\/path><\/g><g><\/g><g><\/g><g><\/g><g><\/g><g><\/g><g><\/g><g><\/g><g><\/g><g><\/g><g><\/g><g><\/g><g><\/g><g><\/g><g><\/g><g><\/g><\/svg>\n\n\t\t\t\t\t\t\t\t\t\t\t<\/span>\n\t\t\t\t<\/div>\n\t\t\t\n\t\t\t\t\t\n\t\t\t<div class=\"bdt-ep-advanced-icon-box-content\">\n\n\t\t\t\t\t\t\t\t\t\n\t\t\n\n\t\t\n\t\t\t\t\t\t\n\t\t\t\t\n\t\t\t\t\t\t\t\t\t<div class=\"bdt-ep-advanced-icon-box-description\">\n\t\t\t\t\t\t<p><strong>Kontaktinformationen<\/strong><br \/><a href=\"mailto:garage@foch.ch\">garage@foch.ch<\/a><br \/><a href=\"tel:+41323433132\">+41 32 343 31 32<\/a><\/p>\t\t\t\t\t<\/div>\n\t\t\t\t\n\t\t\t\t\t\t\t\t\t<a class=\"bdt-ep-advanced-icon-box-readmore bdt-display-inline-block\" href=\"#\">\n\t\t\t\t\t\t\n\t\t\t\t\t\t\t\t\t\t\t<\/a>\n\t\t\t\t\t\t\t<\/div>\n\t\t<\/div>\n\n\t\t\n\t\t\n\t\t\t\t\t\t<\/div>\n\t\t\t\t<\/div>\n\t\t\t\t<div class=\"elementor-element elementor-element-59d1e79 elementor-position-left bdt-icon-type-icon elementor-vertical-align-top bdt-icon-effect-none elementor-widget elementor-widget-bdt-advanced-icon-box\" data-id=\"59d1e79\" data-element_type=\"widget\" data-widget_type=\"bdt-advanced-icon-box.default\">\n\t\t\t\t<div class=\"elementor-widget-container\">\n\t\t\t\t\t\t\t<div class=\"bdt-ep-advanced-icon-box\">\n\n\t\t\t\t\t\t\t\n\t\t\t\t\t\t\t<div class=\"bdt-ep-advanced-icon-box-icon\">\n\t\t\t\t\t<span class=\"bdt-ep-advanced-icon-box-icon-wrap\">\n\n\n\t\t\t\t\t\t\n\t\t\t\t\t\t\t<svg xmlns=\"http:\/\/www.w3.org\/2000\/svg\" id=\"Layer_1\" height=\"512\" viewBox=\"0 0 512 512\" width=\"512\" data-name=\"Layer 1\"><path d=\"m50.371 264.2a208.577 208.577 0 0 0 40.662 115.27 205.065 205.065 0 0 0 112.823 76.716 207.307 207.307 0 0 0 241.452-112.486 11.153 11.153 0 0 0 -20.222-9.415 185.007 185.007 0 0 1 -351.947-62.751l21.646 28.012a11.153 11.153 0 1 0 17.65-13.64l-41.503-53.706a11.154 11.154 0 0 0 -16.193-1.553l-50.954 44.838a11.153 11.153 0 0 0 14.734 16.746z\"><\/path><path d=\"m492.957 217.075-28.442 28.478a207.292 207.292 0 0 0 -394.832-77.253 11.153 11.153 0 0 0 20.217 9.418 185 185 0 0 1 352.2 66.161l-25.726-29.2a11.152 11.152 0 1 0 -16.734 14.747l44.873 50.924a11.153 11.153 0 0 0 8.02 3.773q.174.006.348.006a11.151 11.151 0 0 0 7.89-3.272l47.963-48.025a11.152 11.152 0 0 0 -15.781-15.761z\"><\/path><path d=\"m257.5 267.153a11.153 11.153 0 0 0 11.148-11.153v-106.053a11.153 11.153 0 1 0 -22.305 0v94.9h-83.863a11.153 11.153 0 1 0 0 22.306z\"><\/path><\/svg>\n\n\t\t\t\t\t\t\t\t\t\t\t<\/span>\n\t\t\t\t<\/div>\n\t\t\t\n\t\t\t\t\t\n\t\t\t<div class=\"bdt-ep-advanced-icon-box-content\">\n\n\t\t\t\t\t\t\t\t\t\n\t\t\n\n\t\t\n\t\t\t\t\t\t\n\t\t\t\t\n\t\t\t\t\t\t\t\t\t<div class=\"bdt-ep-advanced-icon-box-description\">\n\t\t\t\t\t\t<p><strong>\u00d6ffnungszeiten<br \/><\/strong><a href=\"\/de\/contact#horaires\">\u00d6ffnungszeiten ansehen \u2192<\/a><\/p>\t\t\t\t\t<\/div>\n\t\t\t\t\n\t\t\t\t\t\t\t\t\t<a class=\"bdt-ep-advanced-icon-box-readmore bdt-display-inline-block\" href=\"#\">\n\t\t\t\t\t\t\n\t\t\t\t\t\t\t\t\t\t\t<\/a>\n\t\t\t\t\t\t\t<\/div>\n\t\t<\/div>\n\n\t\t\n\t\t\n\t\t\t\t\t\t<\/div>\n\t\t\t\t<\/div>\n\t\t\t\t<div class=\"elementor-element elementor-element-ec3b39f elementor-widget elementor-widget-heading\" data-id=\"ec3b39f\" data-element_type=\"widget\" data-widget_type=\"heading.default\">\n\t\t\t\t<div class=\"elementor-widget-container\">\n\t\t\t\t\t<h2 class=\"elementor-heading-title elementor-size-default\">Leasingberechnung<\/h2>\t\t\t\t<\/div>\n\t\t\t\t<\/div>\n\t\t\t\t<div class=\"elementor-element elementor-element-264eb49 elementor-widget elementor-widget-heading\" data-id=\"264eb49\" data-element_type=\"widget\" data-widget_type=\"heading.default\">\n\t\t\t\t<div class=\"elementor-widget-container\">\n\t\t\t\t\t<h5 class=\"elementor-heading-title elementor-size-default\"><a href=\"https:\/\/apps.cembra.ch\/mobile\/de\/calculator\/auto\/rechner\/index.php\">Berechnen Sie Ihr Leasing \ud83e\udc55<\/a><\/h5>\t\t\t\t<\/div>\n\t\t\t\t<\/div>\n\t\t\t\t<div class=\"elementor-element elementor-element-99f099c elementor-widget elementor-widget-text-editor\" data-id=\"99f099c\" data-element_type=\"widget\" data-widget_type=\"text-editor.default\">\n\t\t\t\t<div class=\"elementor-widget-container\">\n\t\t\t\t\t\t\t\t\t<p><span style=\"text-decoration: underline;\"><em><strong>Wichtiger Hinweis:<\/strong> Die im Rechner angegebene Standard-Leasingrate ist h\u00f6her als unsere tats\u00e4chlichen Leasingraten. Kontaktieren Sie uns, um mehr dar\u00fcber zu erfahren.<\/em><\/span><\/p>\t\t\t\t\t\t\t\t<\/div>\n\t\t\t\t<\/div>\n\t\t\t\t\t<\/div>\n\t\t<\/div>\n\t\t\t\t\t<\/div>\n\t\t<\/section>\n\t\t\t\t\t<\/div>\n\t\t<\/div>\n\t\t\t\t\t<\/div>\n\t\t<\/section>\n\t\t\t\t<\/div>\n\t\t","protected":false},"excerpt":{"rendered":"<p>Fachgebiete : VOLKSWAGEN \u2013 AUDI &#8211; Seat\/Cupra &#8211; Skoda ein Fahrzeug interessiert [&hellip;]<\/p>\n","protected":false},"author":1,"featured_media":0,"parent":0,"menu_order":0,"comment_status":"closed","ping_status":"closed","template":"","meta":{"footnotes":""},"class_list":["post-1064","page","type-page","status-publish","hentry"],"yoast_head":"<!-- This site is optimized with the Yoast SEO plugin v25.1 - https:\/\/yoast.com\/wordpress\/plugins\/seo\/ -->\n<title>Unsere Fahrzeuge - FOCH Automobiles SA<\/title>\n<meta name=\"robots\" content=\"index, follow, max-snippet:-1, max-image-preview:large, max-video-preview:-1\" \/>\n<link rel=\"canonical\" href=\"https:\/\/foch.ch\/nos-occasions\/\" \/>\n<meta property=\"og:locale\" content=\"de_DE\" \/>\n<meta property=\"og:type\" content=\"article\" \/>\n<meta property=\"og:title\" content=\"Unsere Fahrzeuge - FOCH Automobiles SA\" \/>\n<meta property=\"og:description\" content=\"Fachgebiete : VOLKSWAGEN \u2013 AUDI &#8211; Seat\/Cupra &#8211; Skoda ein Fahrzeug interessiert [&hellip;]\" \/>\n<meta property=\"og:url\" content=\"https:\/\/foch.ch\/nos-occasions\/\" \/>\n<meta property=\"og:site_name\" content=\"FOCH Automobiles SA\" \/>\n<meta property=\"article:modified_time\" content=\"2025-11-13T17:59:34+00:00\" \/>\n<meta name=\"twitter:card\" content=\"summary_large_image\" \/>\n<meta name=\"twitter:label1\" content=\"Gesch\u00e4tzte Lesezeit\" \/>\n\t<meta name=\"twitter:data1\" content=\"1\u00a0Minute\" \/>\n<script type=\"application\/ld+json\" class=\"yoast-schema-graph\">{\"@context\":\"https:\/\/schema.org\",\"@graph\":[{\"@type\":\"WebPage\",\"@id\":\"https:\/\/foch.ch\/nos-occasions\/\",\"url\":\"https:\/\/foch.ch\/nos-occasions\/\",\"name\":\"Unsere Fahrzeuge - FOCH Automobiles SA\",\"isPartOf\":{\"@id\":\"https:\/\/foch.ch\/#website\"},\"datePublished\":\"2023-05-12T12:00:58+00:00\",\"dateModified\":\"2025-11-13T17:59:34+00:00\",\"breadcrumb\":{\"@id\":\"https:\/\/foch.ch\/nos-occasions\/#breadcrumb\"},\"inLanguage\":\"de\",\"potentialAction\":[{\"@type\":\"ReadAction\",\"target\":[\"https:\/\/foch.ch\/nos-occasions\/\"]}]},{\"@type\":\"BreadcrumbList\",\"@id\":\"https:\/\/foch.ch\/nos-occasions\/#breadcrumb\",\"itemListElement\":[{\"@type\":\"ListItem\",\"position\":1,\"name\":\"Accueil\",\"item\":\"https:\/\/foch.ch\/\"},{\"@type\":\"ListItem\",\"position\":2,\"name\":\"Unsere Fahrzeuge\"}]},{\"@type\":\"WebSite\",\"@id\":\"https:\/\/foch.ch\/#website\",\"url\":\"https:\/\/foch.ch\/\",\"name\":\"FOCH Automobiles SA\",\"description\":\"Votre centre de comp\u00e9tences automobiles\",\"publisher\":{\"@id\":\"https:\/\/foch.ch\/#organization\"},\"potentialAction\":[{\"@type\":\"SearchAction\",\"target\":{\"@type\":\"EntryPoint\",\"urlTemplate\":\"https:\/\/foch.ch\/?s={search_term_string}\"},\"query-input\":{\"@type\":\"PropertyValueSpecification\",\"valueRequired\":true,\"valueName\":\"search_term_string\"}}],\"inLanguage\":\"de\"},{\"@type\":\"Organization\",\"@id\":\"https:\/\/foch.ch\/#organization\",\"name\":\"FOCH Automobiles SA\",\"url\":\"https:\/\/foch.ch\/\",\"logo\":{\"@type\":\"ImageObject\",\"inLanguage\":\"de\",\"@id\":\"https:\/\/foch.ch\/#\/schema\/logo\/image\/\",\"url\":\"https:\/\/foch.ch\/wp-content\/uploads\/2023\/05\/logo-foch-rgb.png\",\"contentUrl\":\"https:\/\/foch.ch\/wp-content\/uploads\/2023\/05\/logo-foch-rgb.png\",\"width\":228,\"height\":45,\"caption\":\"FOCH Automobiles SA\"},\"image\":{\"@id\":\"https:\/\/foch.ch\/#\/schema\/logo\/image\/\"}}]}<\/script>\n<!-- \/ Yoast SEO plugin. -->","yoast_head_json":{"title":"Unsere Fahrzeuge - FOCH Automobiles SA","robots":{"index":"index","follow":"follow","max-snippet":"max-snippet:-1","max-image-preview":"max-image-preview:large","max-video-preview":"max-video-preview:-1"},"canonical":"https:\/\/foch.ch\/nos-occasions\/","og_locale":"de_DE","og_type":"article","og_title":"Unsere Fahrzeuge - FOCH Automobiles SA","og_description":"Fachgebiete : VOLKSWAGEN \u2013 AUDI &#8211; Seat\/Cupra &#8211; Skoda ein Fahrzeug interessiert [&hellip;]","og_url":"https:\/\/foch.ch\/nos-occasions\/","og_site_name":"FOCH Automobiles SA","article_modified_time":"2025-11-13T17:59:34+00:00","twitter_card":"summary_large_image","twitter_misc":{"Gesch\u00e4tzte Lesezeit":"1\u00a0Minute"},"schema":{"@context":"https:\/\/schema.org","@graph":[{"@type":"WebPage","@id":"https:\/\/foch.ch\/nos-occasions\/","url":"https:\/\/foch.ch\/nos-occasions\/","name":"Unsere Fahrzeuge - FOCH Automobiles SA","isPartOf":{"@id":"https:\/\/foch.ch\/#website"},"datePublished":"2023-05-12T12:00:58+00:00","dateModified":"2025-11-13T17:59:34+00:00","breadcrumb":{"@id":"https:\/\/foch.ch\/nos-occasions\/#breadcrumb"},"inLanguage":"de","potentialAction":[{"@type":"ReadAction","target":["https:\/\/foch.ch\/nos-occasions\/"]}]},{"@type":"BreadcrumbList","@id":"https:\/\/foch.ch\/nos-occasions\/#breadcrumb","itemListElement":[{"@type":"ListItem","position":1,"name":"Accueil","item":"https:\/\/foch.ch\/"},{"@type":"ListItem","position":2,"name":"Unsere Fahrzeuge"}]},{"@type":"WebSite","@id":"https:\/\/foch.ch\/#website","url":"https:\/\/foch.ch\/","name":"FOCH Automobiles SA","description":"Votre centre de comp\u00e9tences automobiles","publisher":{"@id":"https:\/\/foch.ch\/#organization"},"potentialAction":[{"@type":"SearchAction","target":{"@type":"EntryPoint","urlTemplate":"https:\/\/foch.ch\/?s={search_term_string}"},"query-input":{"@type":"PropertyValueSpecification","valueRequired":true,"valueName":"search_term_string"}}],"inLanguage":"de"},{"@type":"Organization","@id":"https:\/\/foch.ch\/#organization","name":"FOCH Automobiles SA","url":"https:\/\/foch.ch\/","logo":{"@type":"ImageObject","inLanguage":"de","@id":"https:\/\/foch.ch\/#\/schema\/logo\/image\/","url":"https:\/\/foch.ch\/wp-content\/uploads\/2023\/05\/logo-foch-rgb.png","contentUrl":"https:\/\/foch.ch\/wp-content\/uploads\/2023\/05\/logo-foch-rgb.png","width":228,"height":45,"caption":"FOCH Automobiles SA"},"image":{"@id":"https:\/\/foch.ch\/#\/schema\/logo\/image\/"}}]}},"_links":{"self":[{"href":"https:\/\/foch.ch\/de\/wp-json\/wp\/v2\/pages\/1064","targetHints":{"allow":["GET"]}}],"collection":[{"href":"https:\/\/foch.ch\/de\/wp-json\/wp\/v2\/pages"}],"about":[{"href":"https:\/\/foch.ch\/de\/wp-json\/wp\/v2\/types\/page"}],"author":[{"embeddable":true,"href":"https:\/\/foch.ch\/de\/wp-json\/wp\/v2\/users\/1"}],"replies":[{"embeddable":true,"href":"https:\/\/foch.ch\/de\/wp-json\/wp\/v2\/comments?post=1064"}],"version-history":[{"count":37,"href":"https:\/\/foch.ch\/de\/wp-json\/wp\/v2\/pages\/1064\/revisions"}],"predecessor-version":[{"id":2471,"href":"https:\/\/foch.ch\/de\/wp-json\/wp\/v2\/pages\/1064\/revisions\/2471"}],"wp:attachment":[{"href":"https:\/\/foch.ch\/de\/wp-json\/wp\/v2\/media?parent=1064"}],"curies":[{"name":"wp","href":"https:\/\/api.w.org\/{rel}","templated":true}]}}